{"id":2169,"date":"2020-05-27T13:10:36","date_gmt":"2020-05-27T13:10:36","guid":{"rendered":"https:\/\/bioeast.eu\/?page_id=2169"},"modified":"2024-02-26T09:50:31","modified_gmt":"2024-02-26T09:50:31","slug":"latvia-ministry-of-agriculture","status":"publish","type":"page","link":"https:\/\/bioeast.eu\/bg\/latvia-ministry-of-agriculture\/","title":{"rendered":"LATVIA"},"content":{"rendered":"\n<div class=\"enllax\" style=\"background: url(https:\/\/bioeast.eu\/wp-content\/uploads\/2020\/05\/wheat.jpg);\" data-enllax-bgoffset=\"0\" data-enllax-ratio=\"0.1\" data-enllax-direction=\"horizontal\">\n<div style=\"text-align: center;\">\n<h3 style=\"color: #FFF;\">National Contact Point<\/h3>\n<\/div>\n\n<p>J\u0100NIS \u0160NAK\u0160IS<br>\n<strong><i>Ministry of Agriculture<\/i><\/strong><br>\nDepartment of Foreign Affairs and Strategic Analysis<br>\n<a href=\"mailto:Janis.Snaksis@zm.gov.lv\">Janis.Snaksis@zm.gov.lv<\/a><\/p>\n<br>\n<p>AINARS NABELS-SNEIDERS<br>\n<strong><i>Ministry of Agriculture<\/i><\/strong><br>\nDepartment of Foreign Affairs and Strategic Analysis<br>\n<a href=\"mailto:Ainars.NabelsSneiders@zm.gov.lv\">Ainars.NabelsSneiders@zm.gov.lv<\/a><\/p>\n<br>\n<p>ILZE LACE<br>\n<strong><i>Permanent Representation of Latvia to the European Union<\/i><\/strong><br>\nDepartment of International Relations and Strategy Analysis<br>\n<a href=\"mailto:ilze.lace@mfa.gov.lv\">ilze.lace@mfa.gov.lv<\/a><\/p>\n<br>\n<p>The BIOEAST Initiative\u2019s National Contact Point (NCP) is the Ministry of Agriculture. One of the NCP\u2019s main roles at national level is to interact and coordinate the national views with other bioeconomy related ministries.<\/i>\n<\/p>\n\n<\/div>\n\n\n\n<div style=\"margin-top: 150px; text-align: center;\">\n<h3>Description<\/h3>\n<\/div>\n<p style=\"margin: 0 0 150px 0; padding: 0 100px; text-align: justify;\">The Ministry of Agriculture of Latvia are responsible for agriculture, forest sector, fisheries, rural development, veterinary and food. Functions of ministry: Develop agriculture, forest sector and fishery policies. Organization and coordination of agriculture, forest sector and fishery policies implementation.\n<br>\nMain task areas related to RDI and the Bioeconomy:\nSustainable agriculture, forestry, fisheries and food production; Food and feed safety; Promotion of competitive business development in the sector; Promoting the development of human resources, to create more opportunities for income generation and employment in the rural areas; Preservation of the sustainability of natural resources; Through Latvia University of Life Sciences and Technologies and its research institutions: Forest Research Station, Latvian Plant Protection Research Centre, Institute of Agricultural Resources and Economics and Institute of Horticulture covers agricultural, forestry and food research and innovation transfer; Encourage bioeconomy sectors and cross-sectoral development by developing and implementing innovative approaches; Efficient and sustainable use of natural resources in order to develop the economy with high added value, promoting exports and employment.\n<\/p>\n\n\n\n<div class=\"enllax\" style=\"background: url(https:\/\/bioeast.eu\/wp-content\/uploads\/2020\/05\/nature.jpg);\" data-enllax-bgoffset=\"0\" data-enllax-ratio=\"0.1\" data-enllax-direction=\"horizontal\">\n<div style=\"text-align: center;\">\n<h3 style=\"color: #FFF;\">Relevant details regarding the bioeconomy<\/h3>\n<\/div>\n<p>JRC Bioeconomy KC &#8211; <a href=\"https:\/\/datam.jrc.ec.europa.eu\/datam\/mashup\/BIOECONOMICS\/index.html\" target=\"_blank\" rel=\"noopener noreferrer\">https:\/\/datam.jrc.ec.europa.eu\/datam\/mashup\/BIOECONOMICS\/index.html<\/a><br>\nBio-based Industry Consortium &#8211; Country Report:<a href=\"https:\/\/biconsortium.eu\/Latvia-country-report\" target=\"_blank\" rel=\"noopener noreferrer\">https:\/\/biconsortium.eu\/Latvia-country-report<\/a><br>\nBBI JU Country Fact Sheets &#8211; <a href=\"https:\/\/www.bbi-europe.eu\/sites\/default\/files\/Latvia.pdf\" target=\"_blank\" rel=\"noopener noreferrer\">https:\/\/www.bbi-europe.eu\/sites\/default\/files\/Latvia.pdf<\/a><\/p>\n<\/div>\n\n\n\n<div style=\"margin: 150px 0;\"><\/div>\n\n\n\n<h3 class=\"wp-block-heading has-text-align-center\">Nation bioeconomy hub of Latvia is available at the following link<\/h3>\n\n\n\n<div class=\"wp-block-buttons is-horizontal is-content-justification-center is-layout-flex wp-container-core-buttons-layout-1 wp-block-buttons-is-layout-flex\">\n<div class=\"wp-block-button\"><a class=\"wp-block-button__link has-accent-1-color has-accent-2-background-color has-text-color has-background wp-element-button\" href=\"#\" style=\"border-radius:3px\" target=\"_blank\" rel=\"noreferrer noopener\">National Bioeconomy Hub<\/a><\/div>\n<\/div>\n\n\n<p style=\"margin: 0 0 150px 0; padding: 0 100px; text-align: justify;\">In May 2020, the Latvian High-Quality and Healthy Food Cluster has been officially transformed to the LATVIAN FOOD BIOECONOMY CLUSTER.<br \/>\nAfter the initiation of the cluster as a triple-helix network in 2010, followed by the establishment of the cluster organization \u201cLatvian high added value and healthy food cluster\u201d in 2015, the members of the cluster have decided to set forward a new ambition for the cluster with a vision to become a key food bioeconomy innovation hub in Latvia.<br \/>\nThe new name, goals and agenda of the cluster reflect the current priorities of its members &#8211; the move towards more sustainable and environmentally friendly high quality food production, closer cooperation between science and industry for the development of innovative technologies, food products and food processing side streams valorization with higher added value. Latvian Food Bioeconomy Cluster aims to form even closer cross-sectoral and international cooperation links with bioeconomy clusters, consortia, science parks, business incubators and innovation centers both in Latvia and abroad.<br \/>\nThe cluster currently has 14 members \u2013 innovative niche food producers, science, research and development organizations and Vidzeme Planning Region.\n<\/p>\n\n\n<div style=\"margin: 150px 0;\"><\/div>\n\n\n\n<div class=\"enllax\" style=\"background: url(https:\/\/bioeast.eu\/wp-content\/uploads\/2020\/05\/wheat2.jpg);\" data-enllax-bgoffset=\"0\" data-enllax-ratio=\"0.1\" data-enllax-direction=\"horizontal\">\n<div style=\"text-align: center;\">\n<h3 style=\"color: #FFF;\">BIOECONOMY-RELATED PROJECTS<\/h3>\n<\/div>\n<p><a href=\"http:\/\/biomonitor.eu\/\" target=\"_blank\" rel=\"noopener noreferrer\">BioMonitor<\/a> &#8211; addresses the information gap in bioeconomy research by re-structuring its existing data and modelling framework.<br>\n<a href=\"http:\/\/www.rdi2club.eu\/\" target=\"_blank\" rel=\"noopener noreferrer\">rdi2club<\/a> &#8211; is to bring together bioeconomy developers throughout the rural areas of Baltic Sea Region to a joint table to solve global and local challenges with bioeconomy innovations.<br>\n<a href=\"https:\/\/balticbiomass4value.eu\/\" target=\"_blank\" rel=\"noopener noreferrer\">balticbiomass4value<\/a> &#8211; aims to enhance capacity of public and private actors within the BSR to produce bioenergy in more environmentally sustainable and economically viable way by utilizing new biomass sources (chiefly, biological waste) for energy production, as well as possibilities to use bioenergy side streams for higher value bio-products. \n<\/p>\n<\/div>\n\n\n\n<p><\/p>\n","protected":false},"excerpt":{"rendered":"<p>National Contact Point J\u0100NIS \u0160NAK\u0160IS Ministry of Agriculture Department of Foreign Affairs and Strategic Analysis Janis.Snaksis@zm.gov.lv AINARS NABELS-SNEIDERS Ministry of Agriculture Department of Foreign Affairs and Strategic Analysis Ainars.NabelsSneiders@zm.gov.lv ILZE LACE Permanent Representation of Latvia &hellip;<\/p>\n","protected":false},"author":1,"featured_media":0,"parent":0,"menu_order":0,"comment_status":"closed","ping_status":"closed","template":"","meta":{"_acf_changed":false,"inline_featured_image":false,"ub_ctt_via":"","footnotes":""},"categories":[],"tags":[],"themes":[],"acf":[],"featured_image_src":null,"_links":{"self":[{"href":"https:\/\/bioeast.eu\/bg\/wp-json\/wp\/v2\/pages\/2169"}],"collection":[{"href":"https:\/\/bioeast.eu\/bg\/wp-json\/wp\/v2\/pages"}],"about":[{"href":"https:\/\/bioeast.eu\/bg\/wp-json\/wp\/v2\/types\/page"}],"author":[{"embeddable":true,"href":"https:\/\/bioeast.eu\/bg\/wp-json\/wp\/v2\/users\/1"}],"replies":[{"embeddable":true,"href":"https:\/\/bioeast.eu\/bg\/wp-json\/wp\/v2\/comments?post=2169"}],"version-history":[{"count":10,"href":"https:\/\/bioeast.eu\/bg\/wp-json\/wp\/v2\/pages\/2169\/revisions"}],"predecessor-version":[{"id":55073,"href":"https:\/\/bioeast.eu\/bg\/wp-json\/wp\/v2\/pages\/2169\/revisions\/55073"}],"wp:attachment":[{"href":"https:\/\/bioeast.eu\/bg\/wp-json\/wp\/v2\/media?parent=2169"}],"wp:term":[{"taxonomy":"category","embeddable":true,"href":"https:\/\/bioeast.eu\/bg\/wp-json\/wp\/v2\/categories?post=2169"},{"taxonomy":"post_tag","embeddable":true,"href":"https:\/\/bioeast.eu\/bg\/wp-json\/wp\/v2\/tags?post=2169"},{"taxonomy":"themes","embeddable":true,"href":"https:\/\/bioeast.eu\/bg\/wp-json\/wp\/v2\/themes?post=2169"}],"curies":[{"name":"wp","href":"https:\/\/api.w.org\/{rel}","templated":true}]}}