{"id":1108,"date":"2019-11-12T19:43:47","date_gmt":"2019-11-12T19:43:47","guid":{"rendered":"https:\/\/bioeast.eu\/?page_id=1108"},"modified":"2024-06-06T07:36:12","modified_gmt":"2024-06-06T07:36:12","slug":"events","status":"publish","type":"page","link":"https:\/\/bioeast.eu\/cs\/events\/","title":{"rendered":"EVENTS"},"content":{"rendered":"\n<h2 class=\"wp-block-heading has-text-align-left has-accent-1-color has-text-color has-link-color wp-elements-f5562cc7acc1fd134e07d8ad7b614066\" style=\"font-style:normal;font-weight:600\"><strong>Upcoming<\/strong><\/h2>\n\n\n\n<div class=\"mec-wrap mec-skin-slider-container \" id=\"mec_skin_437\">\r\n    \r\n        <div class=\"mec-skin-slider-events-container\" id=\"mec_skin_events_437\">\r\n        Nebyla nalezena \u017e\u00e1dn\u00e1 ud\u00e1lost!    <\/div>\r\n        \r\n<\/div>\n\n\n\n<div style=\"height:50px\" aria-hidden=\"true\" class=\"wp-block-spacer\"><\/div>\n\n\n\n<h2 class=\"wp-block-heading has-text-align-left has-accent-1-color has-text-color has-link-color wp-elements-b875eccfcf9662811dee75e85b4686ab\" style=\"font-style:normal;font-weight:600\"><strong>PAST <\/strong><\/h2>\n\n\n\n<div class=\"mec-wrap mec-skin-grid-container  \" id=\"mec_skin_431\">\r\n    \r\n        \r\n            <div class=\"mec-skin-grid-events-container\" id=\"mec_skin_events_431\">\r\n        <div class=\"mec-wrap colorskin-custom\">\r\n    <div class=\"mec-event-grid-minimal\" data-widget-autoplay=\"1\" data-widget-loop=\"1\" data-widget-autoplay-time=\"3000\">\r\n        <div class=\"row\"><div class=\"col-md-4 col-sm-4\"><article class=\"mec-past-event mec-event-article mec-clear  \" itemscope>                    <div class=\"mec-event-date mec-bg-color-hover mec-border-color-hover mec-color\"><span>26<\/span>Lis 2024<\/div>\r\n            <div class=\"event-detail-wrap\">\r\n                <h4 class=\"mec-event-title\"><a class=\"mec-color-hover\" data-event-id=\"119548\" href=\"https:\/\/bioeast.eu\/cs\/events-cal\/posileni-vzdelavani-a-spoluprace-v-oblasti-bioekonomiky-v-regionu-bioeast\/\" target=\"_self\" rel=\"noopener\">Pos\u00edlen\u00ed vzd\u011bl\u00e1v\u00e1n\u00ed a spolupr\u00e1ce v oblasti bioekonomiky v regionu BIOEAST<\/a><span class=\"event-color\" style=\"background: #\"><\/span><\/h4>\r\n                                                <div class=\"mec-event-detail\">\r\n                    <div class=\"mec-event-loc-place\"><\/div>\r\n                                                                            <\/div>\r\n            <\/div>\r\n        <\/article><\/div>                        <\/div>\t<\/div>\r\n<\/div>\r\n\r\n    <\/div>\r\n    <div class=\"mec-skin-grid-no-events-container mec-util-hidden\" id=\"mec_skin_no_events_431\">\r\n        Nebyla nalezena \u017e\u00e1dn\u00e1 ud\u00e1lost!    <\/div>\r\n        \r\n        \r\n<\/div>\n","protected":false},"excerpt":{"rendered":"<p>Upcoming PAST<\/p>\n","protected":false},"author":1,"featured_media":0,"parent":0,"menu_order":0,"comment_status":"closed","ping_status":"closed","template":"","meta":{"_acf_changed":false,"inline_featured_image":false,"ub_ctt_via":"","footnotes":""},"categories":[],"tags":[],"themes":[],"acf":[],"featured_image_src":null,"_links":{"self":[{"href":"https:\/\/bioeast.eu\/cs\/wp-json\/wp\/v2\/pages\/1108"}],"collection":[{"href":"https:\/\/bioeast.eu\/cs\/wp-json\/wp\/v2\/pages"}],"about":[{"href":"https:\/\/bioeast.eu\/cs\/wp-json\/wp\/v2\/types\/page"}],"author":[{"embeddable":true,"href":"https:\/\/bioeast.eu\/cs\/wp-json\/wp\/v2\/users\/1"}],"replies":[{"embeddable":true,"href":"https:\/\/bioeast.eu\/cs\/wp-json\/wp\/v2\/comments?post=1108"}],"version-history":[{"count":25,"href":"https:\/\/bioeast.eu\/cs\/wp-json\/wp\/v2\/pages\/1108\/revisions"}],"predecessor-version":[{"id":58415,"href":"https:\/\/bioeast.eu\/cs\/wp-json\/wp\/v2\/pages\/1108\/revisions\/58415"}],"wp:attachment":[{"href":"https:\/\/bioeast.eu\/cs\/wp-json\/wp\/v2\/media?parent=1108"}],"wp:term":[{"taxonomy":"category","embeddable":true,"href":"https:\/\/bioeast.eu\/cs\/wp-json\/wp\/v2\/categories?post=1108"},{"taxonomy":"post_tag","embeddable":true,"href":"https:\/\/bioeast.eu\/cs\/wp-json\/wp\/v2\/tags?post=1108"},{"taxonomy":"themes","embeddable":true,"href":"https:\/\/bioeast.eu\/cs\/wp-json\/wp\/v2\/themes?post=1108"}],"curies":[{"name":"wp","href":"https:\/\/api.w.org\/{rel}","templated":true}]}}