{"id":4665,"date":"2022-09-13T11:23:10","date_gmt":"2022-09-13T11:23:10","guid":{"rendered":"https:\/\/bioeast.eu\/?page_id=4665"},"modified":"2022-10-28T10:07:56","modified_gmt":"2022-10-28T10:07:56","slug":"herbicide-free-production-technology-of-phacelia-at-the-kisalfold-region","status":"publish","type":"page","link":"https:\/\/bioeast.eu\/cs\/herbicide-free-production-technology-of-phacelia-at-the-kisalfold-region\/","title":{"rendered":"Herbicide free production technology of phacelia at the Kisalf\u00f6ld region"},"content":{"rendered":"\n<h3 class=\"wp-block-heading\">Open innovation arrangement<\/h3>\n\n\n\n<div class=\"wp-block-uagb-icon-list uagb-block-ddbd5b84\"><div class=\"uagb-icon-list__wrap\">\n<div class=\"wp-block-uagb-icon-list-child uagb-block-06532f11\"><span class=\"uagb-icon-list__source-wrap\"><svg xmlns=\"https:\/\/www.w3.org\/2000\/svg\" viewBox=\"0 0 320 512\"><path d=\"M96 480c-8.188 0-16.38-3.125-22.62-9.375c-12.5-12.5-12.5-32.75 0-45.25L242.8 256L73.38 86.63c-12.5-12.5-12.5-32.75 0-45.25s32.75-12.5 45.25 0l192 192c12.5 12.5 12.5 32.75 0 45.25l-192 192C112.4 476.9 104.2 480 96 480z\"><\/path><\/svg><\/span><span class=\"uagb-icon-list__label\">Hungary, Szemes M\u00fcvek Takarm\u00e1nygy\u00e1rt\u00f3-Szolg\u00e1ltat\u00f3 \u00e9s Kereskedelmi Korl\u00e1tolt Felel\u0151ss\u00e9g\u0171 T\u00e1rsas\u00e1g<\/span><\/div>\n\n\n\n<div class=\"wp-block-uagb-icon-list-child uagb-block-22a0632c\"><span class=\"uagb-icon-list__source-wrap\"><svg xmlns=\"https:\/\/www.w3.org\/2000\/svg\" viewBox=\"0 0 320 512\"><path d=\"M96 480c-8.188 0-16.38-3.125-22.62-9.375c-12.5-12.5-12.5-32.75 0-45.25L242.8 256L73.38 86.63c-12.5-12.5-12.5-32.75 0-45.25s32.75-12.5 45.25 0l192 192c12.5 12.5 12.5 32.75 0 45.25l-192 192C112.4 476.9 104.2 480 96 480z\"><\/path><\/svg><\/span><span class=\"uagb-icon-list__label\">Contact person: Petra Hajzser-Nov\u00e1k &#8211; novakpetra@gazdakontroll.hu<\/span><\/div>\n<\/div><\/div>\n\n\n\n<h4 class=\"wp-block-heading\">Vision &amp; Objectives<\/h4>\n\n\n\n<ul><li>In our project we want to find a mechanical, chemical free way, through which we can successfully and sustainably grow phacelia.<\/li><\/ul>\n\n\n\n<h4 class=\"wp-block-heading\"><strong>Activities<\/strong><\/h4>\n\n\n\n<ul><li>In the member farms phacelia is planted every year during the 3 year period of the project and we examine if it is possible to grow it without the use of herbicides. We use mechanical methods such as harrowing and the weed flora is every year examined.<\/li><\/ul>\n\n\n\n<h4 class=\"wp-block-heading\"><strong>Production sector<\/strong><\/h4>\n\n\n\n<ul><li>Arable farming<\/li><\/ul>\n","protected":false},"excerpt":{"rendered":"<p>Open innovation arrangement Vision &amp; Objectives In our project we want to find a mechanical, chemical free way, through which we can successfully and sustainably grow phacelia. Activities In the member farms phacelia is planted &hellip;<\/p>\n","protected":false},"author":1,"featured_media":0,"parent":0,"menu_order":0,"comment_status":"closed","ping_status":"closed","template":"","meta":{"_acf_changed":false,"inline_featured_image":false,"ub_ctt_via":"","footnotes":""},"categories":[362],"tags":[],"themes":[],"acf":[],"featured_image_src":null,"_links":{"self":[{"href":"https:\/\/bioeast.eu\/cs\/wp-json\/wp\/v2\/pages\/4665"}],"collection":[{"href":"https:\/\/bioeast.eu\/cs\/wp-json\/wp\/v2\/pages"}],"about":[{"href":"https:\/\/bioeast.eu\/cs\/wp-json\/wp\/v2\/types\/page"}],"author":[{"embeddable":true,"href":"https:\/\/bioeast.eu\/cs\/wp-json\/wp\/v2\/users\/1"}],"replies":[{"embeddable":true,"href":"https:\/\/bioeast.eu\/cs\/wp-json\/wp\/v2\/comments?post=4665"}],"version-history":[{"count":2,"href":"https:\/\/bioeast.eu\/cs\/wp-json\/wp\/v2\/pages\/4665\/revisions"}],"predecessor-version":[{"id":4750,"href":"https:\/\/bioeast.eu\/cs\/wp-json\/wp\/v2\/pages\/4665\/revisions\/4750"}],"wp:attachment":[{"href":"https:\/\/bioeast.eu\/cs\/wp-json\/wp\/v2\/media?parent=4665"}],"wp:term":[{"taxonomy":"category","embeddable":true,"href":"https:\/\/bioeast.eu\/cs\/wp-json\/wp\/v2\/categories?post=4665"},{"taxonomy":"post_tag","embeddable":true,"href":"https:\/\/bioeast.eu\/cs\/wp-json\/wp\/v2\/tags?post=4665"},{"taxonomy":"themes","embeddable":true,"href":"https:\/\/bioeast.eu\/cs\/wp-json\/wp\/v2\/themes?post=4665"}],"curies":[{"name":"wp","href":"https:\/\/api.w.org\/{rel}","templated":true}]}}