{"id":52014,"date":"2023-04-03T08:05:29","date_gmt":"2023-04-03T08:05:29","guid":{"rendered":"https:\/\/bioeast.eu\/?page_id=52014"},"modified":"2023-04-03T08:05:30","modified_gmt":"2023-04-03T08:05:30","slug":"regenerative-agriculture-slovakia","status":"publish","type":"page","link":"https:\/\/bioeast.eu\/cs\/regenerative-agriculture-slovakia\/","title":{"rendered":"Regenerative Agriculture Slovakia"},"content":{"rendered":"\n<h3 class=\"wp-block-heading\">Open innovation arrangement<\/h3>\n\n\n\n<div class=\"wp-block-uagb-icon-list uagb-block-81fc2a12\"><div class=\"uagb-icon-list__wrap\">\n<div class=\"wp-block-uagb-icon-list-child uagb-block-af5bef21\"><span class=\"uagb-icon-list__source-wrap\"><svg xmlns=\"https:\/\/www.w3.org\/2000\/svg\" viewBox=\"0 0 320 512\"><path d=\"M96 480c-8.188 0-16.38-3.125-22.62-9.375c-12.5-12.5-12.5-32.75 0-45.25L242.8 256L73.38 86.63c-12.5-12.5-12.5-32.75 0-45.25s32.75-12.5 45.25 0l192 192c12.5 12.5 12.5 32.75 0 45.25l-192 192C112.4 476.9 104.2 480 96 480z\"><\/path><\/svg><\/span><span class=\"uagb-icon-list__label\">Slovakia, Po\u013enohospod\u00e1rske dru\u017estvo Krakovany &#8211; Str\u00e1\u017ee<br>\u0160kolsk\u00e1 401\/8<br>922 02 Krakovany<\/span><\/div>\n\n\n\n<div class=\"wp-block-uagb-icon-list-child uagb-block-53de6d84\"><span class=\"uagb-icon-list__source-wrap\"><svg xmlns=\"https:\/\/www.w3.org\/2000\/svg\" viewBox=\"0 0 320 512\"><path d=\"M96 480c-8.188 0-16.38-3.125-22.62-9.375c-12.5-12.5-12.5-32.75 0-45.25L242.8 256L73.38 86.63c-12.5-12.5-12.5-32.75 0-45.25s32.75-12.5 45.25 0l192 192c12.5 12.5 12.5 32.75 0 45.25l-192 192C112.4 476.9 104.2 480 96 480z\"><\/path><\/svg><\/span><span class=\"uagb-icon-list__label\">Website: www.pdkrakovany.sk, www.regenerative.sk<\/span><\/div>\n\n\n\n<div class=\"wp-block-uagb-icon-list-child uagb-block-15d239f2\"><span class=\"uagb-icon-list__source-wrap\"><svg xmlns=\"https:\/\/www.w3.org\/2000\/svg\" viewBox=\"0 0 320 512\"><path d=\"M96 480c-8.188 0-16.38-3.125-22.62-9.375c-12.5-12.5-12.5-32.75 0-45.25L242.8 256L73.38 86.63c-12.5-12.5-12.5-32.75 0-45.25s32.75-12.5 45.25 0l192 192c12.5 12.5 12.5 32.75 0 45.25l-192 192C112.4 476.9 104.2 480 96 480z\"><\/path><\/svg><\/span><span class=\"uagb-icon-list__label\">Contact person: Hana Doh\u00e1lov\u00e1 &#8211; hana.dohalova@aon.at<\/span><\/div>\n<\/div><\/div>\n\n\n\n<h4 class=\"wp-block-heading\">Vision &amp; Objectives<\/h4>\n\n\n\n<ul>\n<li>The vision is to establish regenerative agriculture as the main agricultural practise in Slovakia.<\/li>\n\n\n\n<li>The objectives are:\n<ul>\n<li>Improve soil quality in Slovakia<\/li>\n\n\n\n<li>Reduce soil applications of pesticides and fertilisers<\/li>\n\n\n\n<li>Stop degrading soils with tillage<\/li>\n\n\n\n<li>Use cover crops, intercropping, ensure continuous soil cover<\/li>\n\n\n\n<li>Integrate quality composts into agricultural practise in Slovakia<\/li>\n\n\n\n<li>Increase water infiltration and water storage capacity<\/li>\n\n\n\n<li>Give university students and professors a platform for research<\/li>\n\n\n\n<li>Influence the country&#8217;s agricultural university to allow the teaching of no-till practices and to change the content of its teaching programs<\/li>\n\n\n\n<li>Increase landscape diversity through soil life diversity.<\/li>\n<\/ul>\n<\/li>\n<\/ul>\n\n\n\n<h4 class=\"wp-block-heading\"><strong>Production sector<\/strong><\/h4>\n\n\n\n<ul>\n<li>No-till regenerative farming<\/li>\n<\/ul>\n","protected":false},"excerpt":{"rendered":"<p>Open innovation arrangement Vision &amp; Objectives Production sector<\/p>\n","protected":false},"author":1,"featured_media":0,"parent":0,"menu_order":0,"comment_status":"closed","ping_status":"closed","template":"","meta":{"_acf_changed":false,"inline_featured_image":false,"ub_ctt_via":"","footnotes":""},"categories":[],"tags":[],"themes":[],"acf":[],"featured_image_src":null,"_links":{"self":[{"href":"https:\/\/bioeast.eu\/cs\/wp-json\/wp\/v2\/pages\/52014"}],"collection":[{"href":"https:\/\/bioeast.eu\/cs\/wp-json\/wp\/v2\/pages"}],"about":[{"href":"https:\/\/bioeast.eu\/cs\/wp-json\/wp\/v2\/types\/page"}],"author":[{"embeddable":true,"href":"https:\/\/bioeast.eu\/cs\/wp-json\/wp\/v2\/users\/1"}],"replies":[{"embeddable":true,"href":"https:\/\/bioeast.eu\/cs\/wp-json\/wp\/v2\/comments?post=52014"}],"version-history":[{"count":1,"href":"https:\/\/bioeast.eu\/cs\/wp-json\/wp\/v2\/pages\/52014\/revisions"}],"predecessor-version":[{"id":52016,"href":"https:\/\/bioeast.eu\/cs\/wp-json\/wp\/v2\/pages\/52014\/revisions\/52016"}],"wp:attachment":[{"href":"https:\/\/bioeast.eu\/cs\/wp-json\/wp\/v2\/media?parent=52014"}],"wp:term":[{"taxonomy":"category","embeddable":true,"href":"https:\/\/bioeast.eu\/cs\/wp-json\/wp\/v2\/categories?post=52014"},{"taxonomy":"post_tag","embeddable":true,"href":"https:\/\/bioeast.eu\/cs\/wp-json\/wp\/v2\/tags?post=52014"},{"taxonomy":"themes","embeddable":true,"href":"https:\/\/bioeast.eu\/cs\/wp-json\/wp\/v2\/themes?post=52014"}],"curies":[{"name":"wp","href":"https:\/\/api.w.org\/{rel}","templated":true}]}}