{"id":55079,"date":"2024-02-26T10:00:21","date_gmt":"2024-02-26T10:00:21","guid":{"rendered":"https:\/\/bioeast.eu\/?page_id=55079"},"modified":"2024-02-26T11:22:15","modified_gmt":"2024-02-26T11:22:15","slug":"bioeconomy-concept-papers-country-1page","status":"publish","type":"page","link":"https:\/\/bioeast.eu\/hu\/bioeconomy-concept-papers-country-1page\/","title":{"rendered":"Bioeconomy Concept Papers Country one page"},"content":{"rendered":"<div class='w3eden'>\n    <div class=''>\n\n        <form method=\"get\" class=\"\" data-container=\"#content_wpdm_package_1\" id=\"sc_form_wpdm_package_1\" style=\"margin-bottom: 15px\">\n    \n            <div class=\"card panel panel-default wpdm-shortcode-toolbar\">\n                <div class=\"card-body panel-body\">\n                    <div class=\"row\">\n                        <div class=\"col-lg-6 col-md-12\">\n                            <input type=\"search\" name=\"skw\" value=\"\" placeholder=\"Kulcssz\u00f3 Keres\u00e9se...\" class=\"form-control\" \/>\n                        <\/div>\n                        <div class=\"col-lg-2 col-md-4\">\n                            <select name=\"orderby\" class=\"wpdm-custom-select custom-select\">\n                                <option value=\"date\" disabled=\"disabled\">Rendez\u00e9s:<\/option>\n                                <option value=\"date\" >K\u00f6zz\u00e9t\u00e9tel d\u00e1tuma<\/option>\n                                <option value=\"title\" >C\u00edm<\/option>\n                                <option value=\"update_date\" >Felt\u00f6lt\u00e9s d\u00e1tuma<\/option>\n                                <option value=\"downloads\" >Let\u00f6lt\u00e9sek<\/option>\n                                <option value=\"views\" >N\u00e9zetek<\/option>\n                            <\/select>\n                        <\/div>\n                        <div class=\"col-lg-2 col-md-4\">\n                            <select name=\"order\" class=\"wpdm-custom-select custom-select\">\n                                <option value=\"desc\" disabled=\"disabled\">Sorrend:<\/option>\n                                <option value=\"desc\" >Cs\u00f6kken\u0151<\/option>\n                                <option value=\"asc\" >N\u00f6vekv\u0151<\/option>\n                            <\/select>\n                        <\/div>\n                        <div class=\"col-lg-2 col-md-4\">\n                            <button type=\"submit\" class=\"btn btn-secondary btn-block\">Sz\u0171r\u0151 Alkalmaz\u00e1sa<\/button>\n                        <\/div>\n                    <\/div>\n                <\/div>\n            <\/div>\n\n            <\/form>\n<div class=\"spacer mb-3 d-block clearfix\"><\/div>\n\n        <div id=\"content_wpdm_package_1\">\n            <div class='row'><div class='col-lg-4 col-md-6 col-12'><!-- WPDM Link Template: Default Template -->\n\n<div class=\"link-template-default card mb-2\">\n    <div class=\"card-body\">\n        <div class=\"media\">\n            <div class=\"mr-3 img-48\"><img decoding=\"async\" class=\"wpdm_icon\" alt=\"Ikon\" src=\"https:\/\/bioeast.eu\/wp-content\/plugins\/download-manager\/assets\/file-type-icons\/pdf.svg\" \/><\/div>\n            <div class=\"media-body\">\n                <h3 class=\"package-title\"><a href='https:\/\/bioeast.eu\/hu\/download\/slovenia_web-pdf\/'>SLOVENIA_web.pdf<\/a><\/h3>\n                <div class=\"text-muted text-small\"><i class=\"fas fa-copy\"><\/i> 1 f\u00e1jl(ok) <i class=\"fas fa-hdd ml-3\"><\/i> 393.15 KB<\/div>\n            <\/div>\n            <div class=\"ml-3\">\n                <a class='wpdm-download-link download-on-click btn btn-warning ' rel='nofollow' href='#' data-downloadurl=\"https:\/\/bioeast.eu\/hu\/download\/slovenia_web-pdf\/?wpdmdl=52549&refresh=69dec078da0371776205944\">Let\u00f6lt\u00e9s<\/a>\n            <\/div>\n        <\/div>\n    <\/div>\n<\/div>\n\n<\/div><div class='col-lg-4 col-md-6 col-12'><!-- WPDM Link Template: Default Template -->\n\n<div class=\"link-template-default card mb-2\">\n    <div class=\"card-body\">\n        <div class=\"media\">\n            <div class=\"mr-3 img-48\"><img decoding=\"async\" class=\"wpdm_icon\" alt=\"Ikon\" src=\"https:\/\/bioeast.eu\/wp-content\/plugins\/download-manager\/assets\/file-type-icons\/pdf.svg\" \/><\/div>\n            <div class=\"media-body\">\n                <h3 class=\"package-title\"><a href='https:\/\/bioeast.eu\/hu\/download\/slovak-republic_web-pdf\/'>SLOVAK REPUBLIC_web.pdf<\/a><\/h3>\n                <div class=\"text-muted text-small\"><i class=\"fas fa-copy\"><\/i> 1 f\u00e1jl(ok) <i class=\"fas fa-hdd ml-3\"><\/i> 273.92 KB<\/div>\n            <\/div>\n            <div class=\"ml-3\">\n                <a class='wpdm-download-link download-on-click btn btn-warning ' rel='nofollow' href='#' data-downloadurl=\"https:\/\/bioeast.eu\/hu\/download\/slovak-republic_web-pdf\/?wpdmdl=52548&refresh=69dec078dc8b21776205944\">Let\u00f6lt\u00e9s<\/a>\n            <\/div>\n        <\/div>\n    <\/div>\n<\/div>\n\n<\/div><div class='col-lg-4 col-md-6 col-12'><!-- WPDM Link Template: Default Template -->\n\n<div class=\"link-template-default card mb-2\">\n    <div class=\"card-body\">\n        <div class=\"media\">\n            <div class=\"mr-3 img-48\"><img decoding=\"async\" class=\"wpdm_icon\" alt=\"Ikon\" src=\"https:\/\/bioeast.eu\/wp-content\/plugins\/download-manager\/assets\/file-type-icons\/pdf.svg\" \/><\/div>\n            <div class=\"media-body\">\n                <h3 class=\"package-title\"><a href='https:\/\/bioeast.eu\/hu\/download\/romania_web-pdf\/'>ROMANIA_web.pdf<\/a><\/h3>\n                <div class=\"text-muted text-small\"><i class=\"fas fa-copy\"><\/i> 1 f\u00e1jl(ok) <i class=\"fas fa-hdd ml-3\"><\/i> 503.67 KB<\/div>\n            <\/div>\n            <div class=\"ml-3\">\n                <a class='wpdm-download-link download-on-click btn btn-warning ' rel='nofollow' href='#' data-downloadurl=\"https:\/\/bioeast.eu\/hu\/download\/romania_web-pdf\/?wpdmdl=52547&refresh=69dec078ded081776205944\">Let\u00f6lt\u00e9s<\/a>\n            <\/div>\n        <\/div>\n    <\/div>\n<\/div>\n\n<\/div><div class='col-lg-4 col-md-6 col-12'><!-- WPDM Link Template: Default Template -->\n\n<div class=\"link-template-default card mb-2\">\n    <div class=\"card-body\">\n        <div class=\"media\">\n            <div class=\"mr-3 img-48\"><img decoding=\"async\" class=\"wpdm_icon\" alt=\"Ikon\" src=\"https:\/\/bioeast.eu\/wp-content\/plugins\/download-manager\/assets\/file-type-icons\/pdf.svg\" \/><\/div>\n            <div class=\"media-body\">\n                <h3 class=\"package-title\"><a href='https:\/\/bioeast.eu\/hu\/download\/poland_web-pdf\/'>POLAND_web.pdf<\/a><\/h3>\n                <div class=\"text-muted text-small\"><i class=\"fas fa-copy\"><\/i> 1 f\u00e1jl(ok) <i class=\"fas fa-hdd ml-3\"><\/i> 378.30 KB<\/div>\n            <\/div>\n            <div class=\"ml-3\">\n                <a class='wpdm-download-link download-on-click btn btn-warning ' rel='nofollow' href='#' data-downloadurl=\"https:\/\/bioeast.eu\/hu\/download\/poland_web-pdf\/?wpdmdl=52546&refresh=69dec078e15b11776205944\">Let\u00f6lt\u00e9s<\/a>\n            <\/div>\n        <\/div>\n    <\/div>\n<\/div>\n\n<\/div><div class='col-lg-4 col-md-6 col-12'><!-- WPDM Link Template: Default Template -->\n\n<div class=\"link-template-default card mb-2\">\n    <div class=\"card-body\">\n        <div class=\"media\">\n            <div class=\"mr-3 img-48\"><img decoding=\"async\" class=\"wpdm_icon\" alt=\"Ikon\" src=\"https:\/\/bioeast.eu\/wp-content\/plugins\/download-manager\/assets\/file-type-icons\/pdf.svg\" \/><\/div>\n            <div class=\"media-body\">\n                <h3 class=\"package-title\"><a href='https:\/\/bioeast.eu\/hu\/download\/lithuania_web-pdf\/'>LITHUANIA_web.pdf<\/a><\/h3>\n                <div class=\"text-muted text-small\"><i class=\"fas fa-copy\"><\/i> 1 f\u00e1jl(ok) <i class=\"fas fa-hdd ml-3\"><\/i> 366.83 KB<\/div>\n            <\/div>\n            <div class=\"ml-3\">\n                <a class='wpdm-download-link download-on-click btn btn-warning ' rel='nofollow' href='#' data-downloadurl=\"https:\/\/bioeast.eu\/hu\/download\/lithuania_web-pdf\/?wpdmdl=52545&refresh=69dec078e40ec1776205944\">Let\u00f6lt\u00e9s<\/a>\n            <\/div>\n        <\/div>\n    <\/div>\n<\/div>\n\n<\/div><div class='col-lg-4 col-md-6 col-12'><!-- WPDM Link Template: Default Template -->\n\n<div class=\"link-template-default card mb-2\">\n    <div class=\"card-body\">\n        <div class=\"media\">\n            <div class=\"mr-3 img-48\"><img decoding=\"async\" class=\"wpdm_icon\" alt=\"Ikon\" src=\"https:\/\/bioeast.eu\/wp-content\/plugins\/download-manager\/assets\/file-type-icons\/pdf.svg\" \/><\/div>\n            <div class=\"media-body\">\n                <h3 class=\"package-title\"><a href='https:\/\/bioeast.eu\/hu\/download\/latvia_web-pdf\/'>LATVIA_web.pdf<\/a><\/h3>\n                <div class=\"text-muted text-small\"><i class=\"fas fa-copy\"><\/i> 1 f\u00e1jl(ok) <i class=\"fas fa-hdd ml-3\"><\/i> 265.68 KB<\/div>\n            <\/div>\n            <div class=\"ml-3\">\n                <a class='wpdm-download-link download-on-click btn btn-warning ' rel='nofollow' href='#' data-downloadurl=\"https:\/\/bioeast.eu\/hu\/download\/latvia_web-pdf\/?wpdmdl=52544&refresh=69dec078e62591776205944\">Let\u00f6lt\u00e9s<\/a>\n            <\/div>\n        <\/div>\n    <\/div>\n<\/div>\n\n<\/div><div class='col-lg-4 col-md-6 col-12'><!-- WPDM Link Template: Default Template -->\n\n<div class=\"link-template-default card mb-2\">\n    <div class=\"card-body\">\n        <div class=\"media\">\n            <div class=\"mr-3 img-48\"><img decoding=\"async\" class=\"wpdm_icon\" alt=\"Ikon\" src=\"https:\/\/bioeast.eu\/wp-content\/plugins\/download-manager\/assets\/file-type-icons\/pdf.svg\" \/><\/div>\n            <div class=\"media-body\">\n                <h3 class=\"package-title\"><a href='https:\/\/bioeast.eu\/hu\/download\/hungary_web-pdf\/'>HUNGARY_web.pdf<\/a><\/h3>\n                <div class=\"text-muted text-small\"><i class=\"fas fa-copy\"><\/i> 1 f\u00e1jl(ok) <i class=\"fas fa-hdd ml-3\"><\/i> 458.92 KB<\/div>\n            <\/div>\n            <div class=\"ml-3\">\n                <a class='wpdm-download-link download-on-click btn btn-warning ' rel='nofollow' href='#' data-downloadurl=\"https:\/\/bioeast.eu\/hu\/download\/hungary_web-pdf\/?wpdmdl=52543&refresh=69dec078e85c11776205944\">Let\u00f6lt\u00e9s<\/a>\n            <\/div>\n        <\/div>\n    <\/div>\n<\/div>\n\n<\/div><div class='col-lg-4 col-md-6 col-12'><!-- WPDM Link Template: Default Template -->\n\n<div class=\"link-template-default card mb-2\">\n    <div class=\"card-body\">\n        <div class=\"media\">\n            <div class=\"mr-3 img-48\"><img decoding=\"async\" class=\"wpdm_icon\" alt=\"Ikon\" src=\"https:\/\/bioeast.eu\/wp-content\/plugins\/download-manager\/assets\/file-type-icons\/pdf.svg\" \/><\/div>\n            <div class=\"media-body\">\n                <h3 class=\"package-title\"><a href='https:\/\/bioeast.eu\/hu\/download\/estonia_web-pdf\/'>ESTONIA_web.pdf<\/a><\/h3>\n                <div class=\"text-muted text-small\"><i class=\"fas fa-copy\"><\/i> 1 f\u00e1jl(ok) <i class=\"fas fa-hdd ml-3\"><\/i> 286.69 KB<\/div>\n            <\/div>\n            <div class=\"ml-3\">\n                <a class='wpdm-download-link download-on-click btn btn-warning ' rel='nofollow' href='#' data-downloadurl=\"https:\/\/bioeast.eu\/hu\/download\/estonia_web-pdf\/?wpdmdl=52542&refresh=69dec078ea9c61776205944\">Let\u00f6lt\u00e9s<\/a>\n            <\/div>\n        <\/div>\n    <\/div>\n<\/div>\n\n<\/div><div class='col-lg-4 col-md-6 col-12'><!-- WPDM Link Template: Default Template -->\n\n<div class=\"link-template-default card mb-2\">\n    <div class=\"card-body\">\n        <div class=\"media\">\n            <div class=\"mr-3 img-48\"><img decoding=\"async\" class=\"wpdm_icon\" alt=\"Ikon\" src=\"https:\/\/bioeast.eu\/wp-content\/plugins\/download-manager\/assets\/file-type-icons\/pdf.svg\" \/><\/div>\n            <div class=\"media-body\">\n                <h3 class=\"package-title\"><a href='https:\/\/bioeast.eu\/hu\/download\/czech-republic_web-pdf\/'>CZECH REPUBLIC_web.pdf<\/a><\/h3>\n                <div class=\"text-muted text-small\"><i class=\"fas fa-copy\"><\/i> 1 f\u00e1jl(ok) <i class=\"fas fa-hdd ml-3\"><\/i> 498.10 KB<\/div>\n            <\/div>\n            <div class=\"ml-3\">\n                <a class='wpdm-download-link download-on-click btn btn-warning ' rel='nofollow' href='#' data-downloadurl=\"https:\/\/bioeast.eu\/hu\/download\/czech-republic_web-pdf\/?wpdmdl=52541&refresh=69dec078ecd5c1776205944\">Let\u00f6lt\u00e9s<\/a>\n            <\/div>\n        <\/div>\n    <\/div>\n<\/div>\n\n<\/div><div class='col-lg-4 col-md-6 col-12'><!-- WPDM Link Template: Default Template -->\n\n<div class=\"link-template-default card mb-2\">\n    <div class=\"card-body\">\n        <div class=\"media\">\n            <div class=\"mr-3 img-48\"><img decoding=\"async\" class=\"wpdm_icon\" alt=\"Ikon\" src=\"https:\/\/bioeast.eu\/wp-content\/plugins\/download-manager\/assets\/file-type-icons\/pdf.svg\" \/><\/div>\n            <div class=\"media-body\">\n                <h3 class=\"package-title\"><a href='https:\/\/bioeast.eu\/hu\/download\/croatia_web-pdf\/'>CROATIA_web.pdf<\/a><\/h3>\n                <div class=\"text-muted text-small\"><i class=\"fas fa-copy\"><\/i> 1 f\u00e1jl(ok) <i class=\"fas fa-hdd ml-3\"><\/i> 371.79 KB<\/div>\n            <\/div>\n            <div class=\"ml-3\">\n                <a class='wpdm-download-link download-on-click btn btn-warning ' rel='nofollow' href='#' data-downloadurl=\"https:\/\/bioeast.eu\/hu\/download\/croatia_web-pdf\/?wpdmdl=52540&refresh=69dec078ef18e1776205944\">Let\u00f6lt\u00e9s<\/a>\n            <\/div>\n        <\/div>\n    <\/div>\n<\/div>\n\n<\/div><div class='col-lg-4 col-md-6 col-12'><!-- WPDM Link Template: Default Template -->\n\n<div class=\"link-template-default card mb-2\">\n    <div class=\"card-body\">\n        <div class=\"media\">\n            <div class=\"mr-3 img-48\"><img decoding=\"async\" class=\"wpdm_icon\" alt=\"Ikon\" src=\"https:\/\/bioeast.eu\/wp-content\/plugins\/download-manager\/assets\/file-type-icons\/pdf.svg\" \/><\/div>\n            <div class=\"media-body\">\n                <h3 class=\"package-title\"><a href='https:\/\/bioeast.eu\/hu\/download\/bulgaria_web-pdf\/'>BULGARIA_web.pdf<\/a><\/h3>\n                <div class=\"text-muted text-small\"><i class=\"fas fa-copy\"><\/i> 1 f\u00e1jl(ok) <i class=\"fas fa-hdd ml-3\"><\/i> 389.83 KB<\/div>\n            <\/div>\n            <div class=\"ml-3\">\n                <a class='wpdm-download-link download-on-click btn btn-warning ' rel='nofollow' href='#' data-downloadurl=\"https:\/\/bioeast.eu\/hu\/download\/bulgaria_web-pdf\/?wpdmdl=52539&refresh=69dec078f12251776205944\">Let\u00f6lt\u00e9s<\/a>\n            <\/div>\n        <\/div>\n    <\/div>\n<\/div>\n\n<\/div><\/div>            <div style='clear:both'><\/div><div class='text-center'><ul class='pagination wpdm-pagination pagination-centered text-center'><\/ul><\/div><div style='clear:both'><\/div>        <\/div>\n\n        <div style='clear:both'><\/div>\n    <\/div>\n<\/div>\n\n","protected":false},"excerpt":{"rendered":"","protected":false},"author":1,"featured_media":0,"parent":0,"menu_order":0,"comment_status":"closed","ping_status":"closed","template":"","meta":{"_acf_changed":false,"inline_featured_image":false,"ub_ctt_via":"","footnotes":""},"categories":[],"tags":[],"themes":[],"acf":[],"featured_image_src":null,"_links":{"self":[{"href":"https:\/\/bioeast.eu\/hu\/wp-json\/wp\/v2\/pages\/55079"}],"collection":[{"href":"https:\/\/bioeast.eu\/hu\/wp-json\/wp\/v2\/pages"}],"about":[{"href":"https:\/\/bioeast.eu\/hu\/wp-json\/wp\/v2\/types\/page"}],"author":[{"embeddable":true,"href":"https:\/\/bioeast.eu\/hu\/wp-json\/wp\/v2\/users\/1"}],"replies":[{"embeddable":true,"href":"https:\/\/bioeast.eu\/hu\/wp-json\/wp\/v2\/comments?post=55079"}],"version-history":[{"count":2,"href":"https:\/\/bioeast.eu\/hu\/wp-json\/wp\/v2\/pages\/55079\/revisions"}],"predecessor-version":[{"id":55084,"href":"https:\/\/bioeast.eu\/hu\/wp-json\/wp\/v2\/pages\/55079\/revisions\/55084"}],"wp:attachment":[{"href":"https:\/\/bioeast.eu\/hu\/wp-json\/wp\/v2\/media?parent=55079"}],"wp:term":[{"taxonomy":"category","embeddable":true,"href":"https:\/\/bioeast.eu\/hu\/wp-json\/wp\/v2\/categories?post=55079"},{"taxonomy":"post_tag","embeddable":true,"href":"https:\/\/bioeast.eu\/hu\/wp-json\/wp\/v2\/tags?post=55079"},{"taxonomy":"themes","embeddable":true,"href":"https:\/\/bioeast.eu\/hu\/wp-json\/wp\/v2\/themes?post=55079"}],"curies":[{"name":"wp","href":"https:\/\/api.w.org\/{rel}","templated":true}]}}