{"id":62727,"date":"2024-06-21T12:39:40","date_gmt":"2024-06-21T12:39:40","guid":{"rendered":"https:\/\/bioeast.eu\/?page_id=62727"},"modified":"2024-06-21T12:41:27","modified_gmt":"2024-06-21T12:41:27","slug":"news-2","status":"publish","type":"page","link":"https:\/\/bioeast.eu\/hu\/news-2\/","title":{"rendered":"News"},"content":{"rendered":"\n<div class=\"list-news\">\n\n\n<div class=\"card-news\"><a href=\"https:\/\/bioeast.eu\/hu\/tudomany-politika-parbeszed-beavatkozasi-pontok-az-elelmiszerrendszerek-atalakitasaban-a-kke-orszagokban\/\"><div class=\"info-box-without-img\"><h2 class=\"mt-2\">Tudom\u00e1ny\u2013Politika P\u00e1rbesz\u00e9d: Beavatkoz\u00e1si pontok az \u00e9lelmiszerrendszerek \u00e1talak\u00edt\u00e1s\u00e1ban a KKE-orsz\u00e1gokban<\/h2><p>2026. \u00e1prilis 15. 10:00\u201311:30 \u00d6r\u00f6mmel h\u00edvjuk meg \u00d6nt a BIOEAST kezdem\u00e9ny.. <\/p><span>13 \u00e1prilis 2026<\/span><\/div><\/a><\/div><div class=\"card-news\"><a href=\"https:\/\/bioeast.eu\/hu\/gallery\/sk-agrokomplex\/\"><div class=\"info-box-without-img\"><h2 class=\"mt-2\">SK &#8211; Agrokomplex<\/h2><p>.. <\/p><span>13 november 2025<\/span><\/div><\/a><\/div><div class=\"card-news\"><a href=\"https:\/\/bioeast.eu\/hu\/bioeast-open-innovation-challenge\/\"><div class=\"img-box\"><img loading=\"lazy\" decoding=\"async\" width=\"457\" height=\"300\" src=\"https:\/\/bioeast.eu\/wp-content\/uploads\/2025\/09\/thumbnail_image001-457x300.png\" class=\"attachment-post-thumbnail size-post-thumbnail wp-post-image\" alt=\"\" srcset=\"https:\/\/bioeast.eu\/wp-content\/uploads\/2025\/09\/thumbnail_image001-457x300.png 457w, https:\/\/bioeast.eu\/wp-content\/uploads\/2025\/09\/thumbnail_image001-300x197.png 300w, https:\/\/bioeast.eu\/wp-content\/uploads\/2025\/09\/thumbnail_image001.png 768w\" sizes=\"(max-width: 457px) 100vw, 457px\" \/><\/div><div class=\"info-box\"><h2 class=\"mt-2\">BIOEAST ny\u00edlt innov\u00e1ci\u00f3s kih\u00edv\u00e1s<\/h2><p>Innovat\u00edv megold\u00e1sok keres\u00e9se a biogazdas\u00e1g fellend\u00edt\u00e9se \u00e9rdek\u00e9ben a BIO.. <\/p><span>30 szeptember 2025<\/span><\/div><\/a><\/div><div class=\"card-news\"><a href=\"https:\/\/bioeast.eu\/hu\/a-biomassza-alapu-gazdasag-hazai-fellenditese-a-magyar-bioeast-hub-nyitorendezvenye\/\"><div class=\"img-box\"><img loading=\"lazy\" decoding=\"async\" width=\"450\" height=\"300\" src=\"https:\/\/bioeast.eu\/wp-content\/uploads\/2024\/10\/BND_6218-450x300.jpg\" class=\"attachment-post-thumbnail size-post-thumbnail wp-post-image\" alt=\"\" srcset=\"https:\/\/bioeast.eu\/wp-content\/uploads\/2024\/10\/BND_6218-450x300.jpg 450w, https:\/\/bioeast.eu\/wp-content\/uploads\/2024\/10\/BND_6218-300x200.jpg 300w, https:\/\/bioeast.eu\/wp-content\/uploads\/2024\/10\/BND_6218-1024x683.jpg 1024w, https:\/\/bioeast.eu\/wp-content\/uploads\/2024\/10\/BND_6218-768x512.jpg 768w, https:\/\/bioeast.eu\/wp-content\/uploads\/2024\/10\/BND_6218-391x260.jpg 391w, https:\/\/bioeast.eu\/wp-content\/uploads\/2024\/10\/BND_6218-1536x1024.jpg 1536w, https:\/\/bioeast.eu\/wp-content\/uploads\/2024\/10\/BND_6218-2048x1365.jpg 2048w\" sizes=\"(max-width: 450px) 100vw, 450px\" \/><\/div><div class=\"info-box\"><h2 class=\"mt-2\">A biomassza alap\u00fa gazdas\u00e1g hazai fellend\u00edt\u00e9se: a Magyar BIOEAST HUB nyit\u00f3rendezv\u00e9nye<\/h2><p>2024 szeptember 5-\u00e9n hivatalosan is megalakult a Magyar BIOEAST HUB, melyet a B.. <\/p><span>18 okt\u00f3ber 2024<\/span><\/div><\/a><\/div>\n\n\n\n<\/div>\n","protected":false},"excerpt":{"rendered":"","protected":false},"author":846,"featured_media":0,"parent":0,"menu_order":0,"comment_status":"closed","ping_status":"closed","template":"","meta":{"_acf_changed":false,"inline_featured_image":false,"ub_ctt_via":"","footnotes":""},"categories":[],"tags":[],"themes":[],"acf":[],"featured_image_src":null,"_links":{"self":[{"href":"https:\/\/bioeast.eu\/hu\/wp-json\/wp\/v2\/pages\/62727"}],"collection":[{"href":"https:\/\/bioeast.eu\/hu\/wp-json\/wp\/v2\/pages"}],"about":[{"href":"https:\/\/bioeast.eu\/hu\/wp-json\/wp\/v2\/types\/page"}],"author":[{"embeddable":true,"href":"https:\/\/bioeast.eu\/hu\/wp-json\/wp\/v2\/users\/846"}],"replies":[{"embeddable":true,"href":"https:\/\/bioeast.eu\/hu\/wp-json\/wp\/v2\/comments?post=62727"}],"version-history":[{"count":2,"href":"https:\/\/bioeast.eu\/hu\/wp-json\/wp\/v2\/pages\/62727\/revisions"}],"predecessor-version":[{"id":62729,"href":"https:\/\/bioeast.eu\/hu\/wp-json\/wp\/v2\/pages\/62727\/revisions\/62729"}],"wp:attachment":[{"href":"https:\/\/bioeast.eu\/hu\/wp-json\/wp\/v2\/media?parent=62727"}],"wp:term":[{"taxonomy":"category","embeddable":true,"href":"https:\/\/bioeast.eu\/hu\/wp-json\/wp\/v2\/categories?post=62727"},{"taxonomy":"post_tag","embeddable":true,"href":"https:\/\/bioeast.eu\/hu\/wp-json\/wp\/v2\/tags?post=62727"},{"taxonomy":"themes","embeddable":true,"href":"https:\/\/bioeast.eu\/hu\/wp-json\/wp\/v2\/themes?post=62727"}],"curies":[{"name":"wp","href":"https:\/\/api.w.org\/{rel}","templated":true}]}}