{"id":62727,"date":"2024-06-21T12:39:40","date_gmt":"2024-06-21T12:39:40","guid":{"rendered":"https:\/\/bioeast.eu\/?page_id=62727"},"modified":"2024-06-21T12:41:27","modified_gmt":"2024-06-21T12:41:27","slug":"news-2","status":"publish","type":"page","link":"https:\/\/bioeast.eu\/lt\/news-2\/","title":{"rendered":"News"},"content":{"rendered":"\n<div class=\"list-news\">\n\n\n<div class=\"card-news\"><a href=\"https:\/\/bioeast.eu\/lt\/gallery\/sk-agrokomplex\/\"><div class=\"info-box-without-img\"><h2 class=\"mt-2\">SK &#8211; Agrokomplex<\/h2><p>.. <\/p><span>13 lapkri\u010dio 2025<\/span><\/div><\/a><\/div><div class=\"card-news\"><a href=\"https:\/\/bioeast.eu\/lt\/zemes-ukio-mokslo-taryba-nauju-projektu-link-stiprinant-zemes-ukio-moksla-ziniu-sklaida-ir-inovaciju-kurima\/\"><div class=\"img-box\"><img loading=\"lazy\" decoding=\"async\" width=\"447\" height=\"300\" src=\"https:\/\/bioeast.eu\/wp-content\/uploads\/2024\/12\/interministerial-group-447x300.png\" class=\"attachment-post-thumbnail size-post-thumbnail wp-post-image\" alt=\"\" srcset=\"https:\/\/bioeast.eu\/wp-content\/uploads\/2024\/12\/interministerial-group-447x300.png 447w, https:\/\/bioeast.eu\/wp-content\/uploads\/2024\/12\/interministerial-group-300x202.png 300w, https:\/\/bioeast.eu\/wp-content\/uploads\/2024\/12\/interministerial-group-1024x688.png 1024w, https:\/\/bioeast.eu\/wp-content\/uploads\/2024\/12\/interministerial-group-768x516.png 768w, https:\/\/bioeast.eu\/wp-content\/uploads\/2024\/12\/interministerial-group.png 1164w\" sizes=\"(max-width: 447px) 100vw, 447px\" \/><\/div><div class=\"info-box\"><h2 class=\"mt-2\">\u017dem\u0117s \u016bkio mokslo taryba: nauj\u0173 projekt\u0173 link, stiprinant \u017eem\u0117s \u016bkio moksl\u0105, \u017eini\u0173 sklaid\u0105 ir inovacij\u0173 k\u016brim\u0105<\/h2><p>Atnaujinta \u017dem\u0117s \u016bkio mokslo taryba teiks si\u016blymus \u017dem\u0117s \u016bkio ministerija.. <\/p><span>20 gruod\u017eio 2024<\/span><\/div><\/a><\/div><div class=\"card-news\"><a href=\"https:\/\/bioeast.eu\/lt\/kokio-susitarimo-reikia-lietuvos-bioekonomikos-proverziui\/\"><div class=\"img-box\"><img loading=\"lazy\" decoding=\"async\" width=\"400\" height=\"300\" src=\"https:\/\/bioeast.eu\/wp-content\/uploads\/2024\/12\/IMG_0959-min-1-400x300.jpg\" class=\"attachment-post-thumbnail size-post-thumbnail wp-post-image\" alt=\"\" srcset=\"https:\/\/bioeast.eu\/wp-content\/uploads\/2024\/12\/IMG_0959-min-1-400x300.jpg 400w, https:\/\/bioeast.eu\/wp-content\/uploads\/2024\/12\/IMG_0959-min-1-300x225.jpg 300w, https:\/\/bioeast.eu\/wp-content\/uploads\/2024\/12\/IMG_0959-min-1-1024x768.jpg 1024w, https:\/\/bioeast.eu\/wp-content\/uploads\/2024\/12\/IMG_0959-min-1-768x576.jpg 768w, https:\/\/bioeast.eu\/wp-content\/uploads\/2024\/12\/IMG_0959-min-1-1536x1152.jpg 1536w, https:\/\/bioeast.eu\/wp-content\/uploads\/2024\/12\/IMG_0959-min-1-2048x1536.jpg 2048w\" sizes=\"(max-width: 400px) 100vw, 400px\" \/><\/div><div class=\"info-box\"><h2 class=\"mt-2\">Kokio susitarimo reikia Lietuvos bioekonomikos prover\u017eiui?<\/h2><p>Vytauto Did\u017eiojo universiteto \u017dem\u0117s \u016bkio akademijos (VDU \u017d\u016aA) kartu su Lie.. <\/p><span>20 gruod\u017eio 2024<\/span><\/div><\/a><\/div>\n\n\n\n<\/div>\n","protected":false},"excerpt":{"rendered":"","protected":false},"author":846,"featured_media":0,"parent":0,"menu_order":0,"comment_status":"closed","ping_status":"closed","template":"","meta":{"_acf_changed":false,"inline_featured_image":false,"ub_ctt_via":"","footnotes":""},"categories":[],"tags":[],"themes":[],"acf":[],"featured_image_src":null,"_links":{"self":[{"href":"https:\/\/bioeast.eu\/lt\/wp-json\/wp\/v2\/pages\/62727"}],"collection":[{"href":"https:\/\/bioeast.eu\/lt\/wp-json\/wp\/v2\/pages"}],"about":[{"href":"https:\/\/bioeast.eu\/lt\/wp-json\/wp\/v2\/types\/page"}],"author":[{"embeddable":true,"href":"https:\/\/bioeast.eu\/lt\/wp-json\/wp\/v2\/users\/846"}],"replies":[{"embeddable":true,"href":"https:\/\/bioeast.eu\/lt\/wp-json\/wp\/v2\/comments?post=62727"}],"version-history":[{"count":2,"href":"https:\/\/bioeast.eu\/lt\/wp-json\/wp\/v2\/pages\/62727\/revisions"}],"predecessor-version":[{"id":62729,"href":"https:\/\/bioeast.eu\/lt\/wp-json\/wp\/v2\/pages\/62727\/revisions\/62729"}],"wp:attachment":[{"href":"https:\/\/bioeast.eu\/lt\/wp-json\/wp\/v2\/media?parent=62727"}],"wp:term":[{"taxonomy":"category","embeddable":true,"href":"https:\/\/bioeast.eu\/lt\/wp-json\/wp\/v2\/categories?post=62727"},{"taxonomy":"post_tag","embeddable":true,"href":"https:\/\/bioeast.eu\/lt\/wp-json\/wp\/v2\/tags?post=62727"},{"taxonomy":"themes","embeddable":true,"href":"https:\/\/bioeast.eu\/lt\/wp-json\/wp\/v2\/themes?post=62727"}],"curies":[{"name":"wp","href":"https:\/\/api.w.org\/{rel}","templated":true}]}}