{"id":62727,"date":"2024-06-21T12:39:40","date_gmt":"2024-06-21T12:39:40","guid":{"rendered":"https:\/\/bioeast.eu\/?page_id=62727"},"modified":"2024-06-21T12:41:27","modified_gmt":"2024-06-21T12:41:27","slug":"news-2","status":"publish","type":"page","link":"https:\/\/bioeast.eu\/lv\/news-2\/","title":{"rendered":"News"},"content":{"rendered":"\n<div class=\"list-news\">\n\n\n<div class=\"card-news\"><a href=\"https:\/\/bioeast.eu\/lv\/gallery\/sk-agrokomplex\/\"><div class=\"info-box-without-img\"><h2 class=\"mt-2\">SK &#8211; Agrokomplex<\/h2><p>.. <\/p><span>13 November 2025<\/span><\/div><\/a><\/div><div class=\"card-news\"><a href=\"https:\/\/bioeast.eu\/lv\/lbtu-parstavji-informes-par-progresu-bioekonomikas-ricibas-plana-izstrade\/\"><div class=\"img-box\"><img loading=\"lazy\" decoding=\"async\" width=\"450\" height=\"300\" src=\"https:\/\/bioeast.eu\/wp-content\/uploads\/2025\/10\/pexels-pixabay-265242-450x300.jpg\" class=\"attachment-post-thumbnail size-post-thumbnail wp-post-image\" alt=\"\" srcset=\"https:\/\/bioeast.eu\/wp-content\/uploads\/2025\/10\/pexels-pixabay-265242-450x300.jpg 450w, https:\/\/bioeast.eu\/wp-content\/uploads\/2025\/10\/pexels-pixabay-265242-300x200.jpg 300w, https:\/\/bioeast.eu\/wp-content\/uploads\/2025\/10\/pexels-pixabay-265242-1024x683.jpg 1024w, https:\/\/bioeast.eu\/wp-content\/uploads\/2025\/10\/pexels-pixabay-265242-768x512.jpg 768w, https:\/\/bioeast.eu\/wp-content\/uploads\/2025\/10\/pexels-pixabay-265242-391x260.jpg 391w, https:\/\/bioeast.eu\/wp-content\/uploads\/2025\/10\/pexels-pixabay-265242-1536x1024.jpg 1536w, https:\/\/bioeast.eu\/wp-content\/uploads\/2025\/10\/pexels-pixabay-265242-2048x1365.jpg 2048w\" sizes=\"(max-width: 450px) 100vw, 450px\" \/><\/div><div class=\"info-box\"><h2 class=\"mt-2\">LBTU p\u0101rst\u0101vji inform\u0113s par progresu bioekonomikas r\u012bc\u012bbas pl\u0101na izstr\u0101d\u0113<\/h2><p>2025. gada 20. oktobr\u012b plkst. 14.00 notiks Latvijas vied\u0101s specializ\u0101cijas (R.. <\/p><span>14 October 2025<\/span><\/div><\/a><\/div><div class=\"card-news\"><a href=\"https:\/\/bioeast.eu\/lv\/lbtu-atklaj-starptautisku-ilgtspejigas-bioekonomikas-platformu\/\"><div class=\"img-box\"><img loading=\"lazy\" decoding=\"async\" width=\"450\" height=\"299\" src=\"https:\/\/bioeast.eu\/wp-content\/uploads\/2025\/04\/Latvia.png\" class=\"attachment-post-thumbnail size-post-thumbnail wp-post-image\" alt=\"\" srcset=\"https:\/\/bioeast.eu\/wp-content\/uploads\/2025\/04\/Latvia.png 450w, https:\/\/bioeast.eu\/wp-content\/uploads\/2025\/04\/Latvia-300x199.png 300w, https:\/\/bioeast.eu\/wp-content\/uploads\/2025\/04\/Latvia-391x260.png 391w\" sizes=\"(max-width: 450px) 100vw, 450px\" \/><\/div><div class=\"info-box\"><h2 class=\"mt-2\">LBTU atkl\u0101j starptautisku ilgtsp\u0113j\u012bgas bioekonomikas platformu<\/h2><p>Lai starptautisk\u0101 l\u012bmen\u012b veicin\u0101tu inov\u0101ciju att\u012bst\u012bbu un sadarb\u012bbu bioe.. <\/p><span>18 April 2025<\/span><\/div><\/a><\/div>\n\n\n\n<\/div>\n","protected":false},"excerpt":{"rendered":"","protected":false},"author":846,"featured_media":0,"parent":0,"menu_order":0,"comment_status":"closed","ping_status":"closed","template":"","meta":{"_acf_changed":false,"inline_featured_image":false,"ub_ctt_via":"","footnotes":""},"categories":[],"tags":[],"themes":[],"acf":[],"featured_image_src":null,"_links":{"self":[{"href":"https:\/\/bioeast.eu\/lv\/wp-json\/wp\/v2\/pages\/62727"}],"collection":[{"href":"https:\/\/bioeast.eu\/lv\/wp-json\/wp\/v2\/pages"}],"about":[{"href":"https:\/\/bioeast.eu\/lv\/wp-json\/wp\/v2\/types\/page"}],"author":[{"embeddable":true,"href":"https:\/\/bioeast.eu\/lv\/wp-json\/wp\/v2\/users\/846"}],"replies":[{"embeddable":true,"href":"https:\/\/bioeast.eu\/lv\/wp-json\/wp\/v2\/comments?post=62727"}],"version-history":[{"count":2,"href":"https:\/\/bioeast.eu\/lv\/wp-json\/wp\/v2\/pages\/62727\/revisions"}],"predecessor-version":[{"id":62729,"href":"https:\/\/bioeast.eu\/lv\/wp-json\/wp\/v2\/pages\/62727\/revisions\/62729"}],"wp:attachment":[{"href":"https:\/\/bioeast.eu\/lv\/wp-json\/wp\/v2\/media?parent=62727"}],"wp:term":[{"taxonomy":"category","embeddable":true,"href":"https:\/\/bioeast.eu\/lv\/wp-json\/wp\/v2\/categories?post=62727"},{"taxonomy":"post_tag","embeddable":true,"href":"https:\/\/bioeast.eu\/lv\/wp-json\/wp\/v2\/tags?post=62727"},{"taxonomy":"themes","embeddable":true,"href":"https:\/\/bioeast.eu\/lv\/wp-json\/wp\/v2\/themes?post=62727"}],"curies":[{"name":"wp","href":"https:\/\/api.w.org\/{rel}","templated":true}]}}