{"id":4671,"date":"2022-09-13T11:37:18","date_gmt":"2022-09-13T11:37:18","guid":{"rendered":"https:\/\/bioeast.eu\/?page_id=4671"},"modified":"2022-10-28T09:42:09","modified_gmt":"2022-10-28T09:42:09","slug":"traece-agroecological-vocational-training-for-farmers","status":"publish","type":"page","link":"https:\/\/bioeast.eu\/pl\/traece-agroecological-vocational-training-for-farmers\/","title":{"rendered":"trAEce &#8211; Agroecological Vocational Training for Farmers"},"content":{"rendered":"\n<h3 class=\"wp-block-heading\">Co-funded project by the Erasmus+ programme of the European Union<\/h3>\n\n\n\n<div class=\"wp-block-uagb-icon-list uagb-block-73490353\"><div class=\"uagb-icon-list__wrap\">\n<div class=\"wp-block-uagb-icon-list-child uagb-block-2f3ca266\"><span class=\"uagb-icon-list__source-wrap\"><svg xmlns=\"https:\/\/www.w3.org\/2000\/svg\" viewBox=\"0 0 320 512\"><path d=\"M96 480c-8.188 0-16.38-3.125-22.62-9.375c-12.5-12.5-12.5-32.75 0-45.25L242.8 256L73.38 86.63c-12.5-12.5-12.5-32.75 0-45.25s32.75-12.5 45.25 0l192 192c12.5 12.5 12.5 32.75 0 45.25l-192 192C112.4 476.9 104.2 480 96 480z\"><\/path><\/svg><\/span><span class=\"uagb-icon-list__label\">Czech republic &#8211; University of South Bohemia in \u010cesk\u00e9 Bud\u011bjovice<\/span><\/div>\n\n\n\n<div class=\"wp-block-uagb-icon-list-child uagb-block-7af35126\"><a target=\"_blank\" aria-label=\"Website: https:\/\/traece.eu\/\" rel=\"noopener noreferrer\" href=\"https:\/\/traece.eu\/\"> <\/a><span class=\"uagb-icon-list__source-wrap\"><svg xmlns=\"https:\/\/www.w3.org\/2000\/svg\" viewBox=\"0 0 320 512\"><path d=\"M96 480c-8.188 0-16.38-3.125-22.62-9.375c-12.5-12.5-12.5-32.75 0-45.25L242.8 256L73.38 86.63c-12.5-12.5-12.5-32.75 0-45.25s32.75-12.5 45.25 0l192 192c12.5 12.5 12.5 32.75 0 45.25l-192 192C112.4 476.9 104.2 480 96 480z\"><\/path><\/svg><\/span><span class=\"uagb-icon-list__label\">Website: https:\/\/traece.eu\/<\/span><\/div>\n\n\n\n<div class=\"wp-block-uagb-icon-list-child uagb-block-a26e5970\"><a target=\"_blank\" aria-label=\"Contact person: Jan Moudr\u00fd, jmoudry@zf.jcu.cz\" rel=\"noopener noreferrer\" href=\"https:\/\/traece.eu\/\"> <\/a><span class=\"uagb-icon-list__source-wrap\"><svg xmlns=\"https:\/\/www.w3.org\/2000\/svg\" viewBox=\"0 0 320 512\"><path d=\"M96 480c-8.188 0-16.38-3.125-22.62-9.375c-12.5-12.5-12.5-32.75 0-45.25L242.8 256L73.38 86.63c-12.5-12.5-12.5-32.75 0-45.25s32.75-12.5 45.25 0l192 192c12.5 12.5 12.5 32.75 0 45.25l-192 192C112.4 476.9 104.2 480 96 480z\"><\/path><\/svg><\/span><span class=\"uagb-icon-list__label\">Contact person: Jan Moudr\u00fd, jmoudry@zf.jcu.cz<\/span><\/div>\n<\/div><\/div>\n\n\n\n<h4 class=\"wp-block-heading\">Vision &amp; Objectives<\/h4>\n\n\n\n<ul><li>Analyse needs of the sector and prepare training and supporting materials for agroecological practice.<\/li><\/ul>\n\n\n\n<h4 class=\"wp-block-heading\"><strong>Activities<\/strong><\/h4>\n\n\n\n<ul><li>Situation analysis of agroecology in partner countries<\/li><li>Agroecological vocational training curriculum<\/li><li>Learning materials for agroecological training<\/li><li>Methodological guide for trainers and educators<\/li><\/ul>\n\n\n\n<h4 class=\"wp-block-heading\"><strong>Production sector<\/strong><\/h4>\n\n\n\n<ul><li>Arable farming<\/li><li>Horticulture (vegetable, ornamental, fruit)<\/li><li>Mixed farming<\/li><li>Food supply chain<\/li><li>Social farming<\/li><\/ul>\n","protected":false},"excerpt":{"rendered":"<p>Co-funded project by the Erasmus+ programme of the European Union Vision &amp; Objectives Analyse needs of the sector and prepare training and supporting materials for agroecological practice. Activities Situation analysis of agroecology in partner countries &hellip;<\/p>\n","protected":false},"author":1,"featured_media":0,"parent":0,"menu_order":0,"comment_status":"closed","ping_status":"closed","template":"","meta":{"_acf_changed":false,"inline_featured_image":false,"ub_ctt_via":"","footnotes":""},"categories":[362],"tags":[],"themes":[],"acf":[],"featured_image_src":null,"_links":{"self":[{"href":"https:\/\/bioeast.eu\/pl\/wp-json\/wp\/v2\/pages\/4671"}],"collection":[{"href":"https:\/\/bioeast.eu\/pl\/wp-json\/wp\/v2\/pages"}],"about":[{"href":"https:\/\/bioeast.eu\/pl\/wp-json\/wp\/v2\/types\/page"}],"author":[{"embeddable":true,"href":"https:\/\/bioeast.eu\/pl\/wp-json\/wp\/v2\/users\/1"}],"replies":[{"embeddable":true,"href":"https:\/\/bioeast.eu\/pl\/wp-json\/wp\/v2\/comments?post=4671"}],"version-history":[{"count":2,"href":"https:\/\/bioeast.eu\/pl\/wp-json\/wp\/v2\/pages\/4671\/revisions"}],"predecessor-version":[{"id":4762,"href":"https:\/\/bioeast.eu\/pl\/wp-json\/wp\/v2\/pages\/4671\/revisions\/4762"}],"wp:attachment":[{"href":"https:\/\/bioeast.eu\/pl\/wp-json\/wp\/v2\/media?parent=4671"}],"wp:term":[{"taxonomy":"category","embeddable":true,"href":"https:\/\/bioeast.eu\/pl\/wp-json\/wp\/v2\/categories?post=4671"},{"taxonomy":"post_tag","embeddable":true,"href":"https:\/\/bioeast.eu\/pl\/wp-json\/wp\/v2\/tags?post=4671"},{"taxonomy":"themes","embeddable":true,"href":"https:\/\/bioeast.eu\/pl\/wp-json\/wp\/v2\/themes?post=4671"}],"curies":[{"name":"wp","href":"https:\/\/api.w.org\/{rel}","templated":true}]}}