{"id":2090,"date":"2020-05-26T08:18:22","date_gmt":"2020-05-26T08:18:22","guid":{"rendered":"https:\/\/bioeast.eu\/?page_id=2090"},"modified":"2025-08-26T09:35:02","modified_gmt":"2025-08-26T09:35:02","slug":"czech-republic","status":"publish","type":"page","link":"https:\/\/bioeast.eu\/ro\/czech-republic\/","title":{"rendered":"CZECH REPUBLIC"},"content":{"rendered":"\n<div class=\"enllax\" style=\"background: url(https:\/\/bioeast.eu\/wp-content\/uploads\/2020\/05\/sunflower.jpg);\" data-enllax-bgoffset=\"0\" data-enllax-ratio=\"0.1\" data-enllax-direction=\"horizontal\">\n<div style=\"text-align: center;\">\n<h3 style=\"color: #FFF;\">National Contact Point<\/h3>\n<\/div>\n<p>MAREK VESELSK\u00dd<br>\n<strong><i>Ministry of Agriculture of the Czech Republic<\/i><\/strong><br>\nDepartment of Research, Development and Education<br>\n<a href=\"mailto:marek.veselsky@mze.cz\">marek.veselsky@mze.cz<\/a><\/p>\n<br>\n<p>\u0160\u00c1RKA \u0160TEJNAROV\u00c1<br>\n<strong><i>Ministry of Agriculture of the Czech Republic<\/i><\/strong><br>\nDepartment of Research, Development and Education<br>\n<a href=\"mailto:sarka.stejnarova@mze.cz\">sarka.stejnarova@mze.cz<\/a>\n<\/p>\n<br>\n<p>The BIOEAST Initiative\u2019s National Contact Point (NCP) is the Ministry of Agriculture.<i>One of the NCP\u2019s main roles at national level is to interact and coordinate the national views with other bioeconomy related ministries.<\/i>\n<\/p>\n<\/div>\n\n\n\n<div style=\"margin-top: 150px; text-align: center;\">\n<h3>Description<\/h3>\n<\/div>\n<p style=\"margin: 0 0 150px 0; padding: 0 100px; text-align: justify;\">The Ministry of Agriculture of the Czech Republic is the central public administrative authority for agriculture, the water sector and the food processing industry, and for forestry, game management, hunting and fishing. The Ministry of Agriculture of the Czech Republic prepared the Concept of Bioeconomy in the Czech Republic that adresses the challenges of the Bioeconomy from the perspective of the Ministry and its competencies. This document is provided for the 5-year period 2019\u20132024.\n<br>\nMain task areas related to RDI and the bioeconomy:\nSustainable management of natural resources; Sustainable agriculture and forestry; Sustainable food production; Food security and energy self-sufficiency to increase competitiveness; Significantly improve the protection of natural resources used, taking into account ongoing climate change.\nThe vision of research, development and innovation is \u2019Promoting innovative agriculture and forestry through advanced methods and technologies\u2019. Three key areas are defined to fulfill this mission: sustainable management of natural resources, sustainable agriculture and forestry, and sustainable food production.\n\n<\/p>\n\n\n\n<div class=\"enllax\" style=\"background: url(https:\/\/bioeast.eu\/wp-content\/uploads\/2020\/05\/field-of-rapeseeds.jpg);\" data-enllax-bgoffset=\"0\" data-enllax-ratio=\"0.1\" data-enllax-direction=\"horizontal\">\n<div style=\"text-align: center;\">\n<h3 style=\"color: #FFF;\">Relevant details regarding the bioeconomy<\/h3>\n<\/div>\n<p>JRC Bioeconomy KC &#8211; <a href=\"https:\/\/datam.jrc.ec.europa.eu\/datam\/mashup\/BIOECONOMICS\/index.html\" target=\"_blank\" rel=\"noopener noreferrer\">https:\/\/datam.jrc.ec.europa.eu\/datam\/mashup\/BIOECONOMICS\/index.html<\/a><\/p>\n<\/div>\n\n\n\n<div style=\"margin: 150px 0;\"><\/div>\n\n\n\n<h3 class=\"wp-block-heading has-text-align-center\">NATION BIOEAST HUB OF THE CZECH REPUBLIK IS AVAILABLE AT THE FOLLOWING LINK<\/h3>\n\n\n\n<div class=\"wp-block-buttons is-horizontal is-content-justification-center is-layout-flex wp-container-core-buttons-layout-1 wp-block-buttons-is-layout-flex\">\n<div class=\"wp-block-button\"><a class=\"wp-block-button__link has-accent-1-color has-accent-2-background-color has-text-color has-background wp-element-button\" href=\"https:\/\/bioeast.eu\/countries\/czech-republic\/\" style=\"border-radius:3px\" target=\"_blank\" rel=\"noreferrer noopener\">National Bioeconomy Hub<\/a><\/div>\n<\/div>\n\n\n<p style=\"margin: 20px 0; padding: 0 100px; text-align: justify;\">The BIOEAST HUB CZ (www.bio-hub.cz) was established with the support of the Ministry of Agriculture of the Czech Republic in line with the BIOEAST Governance Paper. The BIOEAST HUB CZ reflects the European Green Deal and also European Bioeconomy Strategy. &nbsp;The BIOEAST HUB CZ is designed as a tool to engage stakeholders and support their involvement in the bioeconomy, encourage the development of a strategic research agenda and also promote bioeconomy and sustainable development.<\/p>\n<p style=\"margin: 0 0 150px 0; padding: 0 100px; text-align: justify;\">The BIOEAST HUB CZ is coordinated by the Agriculture Research, Ltd., membership is free of charge and both legal and private bodies can become members upon signing the Memorandum of Cooperation. The BIOEAST HUB CZ is organized in national thematic working groups that reflect the BIOEAST thematic working groups and that are also based on the needs and wishes of stakeholders (bottom-up principle). The BIOEAST &nbsp;HUB CZ issued the preview \u201eBioeconomy in Public Strategies\u201d that represents the first summary of national strategic documents of central state administration bodies focused on bioeconomy that has been published in the Czech Republic.<\/p>\n\n\n<div style=\"margin: 150px 0;\"><\/div>\n\n\n\n<div class=\"enllax\" style=\"background: url(https:\/\/bioeast.eu\/wp-content\/uploads\/2020\/05\/barley.jpg);\" data-enllax-bgoffset=\"0\" data-enllax-ratio=\"0.1\" data-enllax-direction=\"horizontal\">\n<div style=\"text-align: center;\">\n<h3 style=\"color: #FFF;\">Project<\/h3>\n<\/div>\n<p><a href=\"https:\/\/celebio.eu\/\" target=\"_blank\" rel=\"noopener noreferrer\">CELEBio<\/a> &#8211; project aims at strengthening the enabling environment for bio-based businesses in eight countries of Central, Eastern and South-Eastern Europe.<br>\n<a href=\"https:\/\/power4bio.eu\/\" target=\"_blank\" rel=\"noopener noreferrer\">POWER4BIO<\/a> &#8211; emPOWERing regional stakeholders for realising the full potential of european BIOeconomy\n<\/p>\n<\/div>\n\n\n\n<p><\/p>\n","protected":false},"excerpt":{"rendered":"<p>National Contact Point MAREK VESELSK\u00dd Ministry of Agriculture of the Czech Republic Department of Research, Development and Education marek.veselsky@mze.cz \u0160\u00c1RKA \u0160TEJNAROV\u00c1 Ministry of Agriculture of the Czech Republic Department of Research, Development and Education sarka.stejnarova@mze.cz &hellip;<\/p>\n","protected":false},"author":1,"featured_media":0,"parent":0,"menu_order":0,"comment_status":"closed","ping_status":"closed","template":"","meta":{"_acf_changed":false,"inline_featured_image":false,"ub_ctt_via":"","footnotes":""},"categories":[],"tags":[],"themes":[],"acf":[],"featured_image_src":null,"_links":{"self":[{"href":"https:\/\/bioeast.eu\/ro\/wp-json\/wp\/v2\/pages\/2090"}],"collection":[{"href":"https:\/\/bioeast.eu\/ro\/wp-json\/wp\/v2\/pages"}],"about":[{"href":"https:\/\/bioeast.eu\/ro\/wp-json\/wp\/v2\/types\/page"}],"author":[{"embeddable":true,"href":"https:\/\/bioeast.eu\/ro\/wp-json\/wp\/v2\/users\/1"}],"replies":[{"embeddable":true,"href":"https:\/\/bioeast.eu\/ro\/wp-json\/wp\/v2\/comments?post=2090"}],"version-history":[{"count":50,"href":"https:\/\/bioeast.eu\/ro\/wp-json\/wp\/v2\/pages\/2090\/revisions"}],"predecessor-version":[{"id":120605,"href":"https:\/\/bioeast.eu\/ro\/wp-json\/wp\/v2\/pages\/2090\/revisions\/120605"}],"wp:attachment":[{"href":"https:\/\/bioeast.eu\/ro\/wp-json\/wp\/v2\/media?parent=2090"}],"wp:term":[{"taxonomy":"category","embeddable":true,"href":"https:\/\/bioeast.eu\/ro\/wp-json\/wp\/v2\/categories?post=2090"},{"taxonomy":"post_tag","embeddable":true,"href":"https:\/\/bioeast.eu\/ro\/wp-json\/wp\/v2\/tags?post=2090"},{"taxonomy":"themes","embeddable":true,"href":"https:\/\/bioeast.eu\/ro\/wp-json\/wp\/v2\/themes?post=2090"}],"curies":[{"name":"wp","href":"https:\/\/api.w.org\/{rel}","templated":true}]}}