{"id":62727,"date":"2024-06-21T12:39:40","date_gmt":"2024-06-21T12:39:40","guid":{"rendered":"https:\/\/bioeast.eu\/?page_id=62727"},"modified":"2024-06-21T12:41:27","modified_gmt":"2024-06-21T12:41:27","slug":"news-2","status":"publish","type":"page","link":"https:\/\/bioeast.eu\/sk\/news-2\/","title":{"rendered":"News"},"content":{"rendered":"\n<div class=\"list-news\">\n\n\n<div class=\"card-news\"><a href=\"https:\/\/bioeast.eu\/sk\/narodny-hub-pre-biohospodarstvo-od-vizie-k-cinom\/\"><div class=\"img-box\"><img loading=\"lazy\" decoding=\"async\" width=\"459\" height=\"300\" src=\"https:\/\/bioeast.eu\/wp-content\/uploads\/2026\/03\/IMG_20260128_113921_1-1-1-459x300.jpg\" class=\"attachment-post-thumbnail size-post-thumbnail wp-post-image\" alt=\"\" srcset=\"https:\/\/bioeast.eu\/wp-content\/uploads\/2026\/03\/IMG_20260128_113921_1-1-1-459x300.jpg 459w, https:\/\/bioeast.eu\/wp-content\/uploads\/2026\/03\/IMG_20260128_113921_1-1-1-300x196.jpg 300w, https:\/\/bioeast.eu\/wp-content\/uploads\/2026\/03\/IMG_20260128_113921_1-1-1-1024x670.jpg 1024w, https:\/\/bioeast.eu\/wp-content\/uploads\/2026\/03\/IMG_20260128_113921_1-1-1-768x502.jpg 768w, https:\/\/bioeast.eu\/wp-content\/uploads\/2026\/03\/IMG_20260128_113921_1-1-1-1536x1005.jpg 1536w, https:\/\/bioeast.eu\/wp-content\/uploads\/2026\/03\/IMG_20260128_113921_1-1-1-2048x1340.jpg 2048w\" sizes=\"(max-width: 459px) 100vw, 459px\" \/><\/div><div class=\"info-box\"><h2 class=\"mt-2\">N\u00e1rodn\u00fd HUB pre biohospod\u00e1rstvo: Od v\u00edzie k \u010dinom<\/h2><p>D\u0148a 28. janu\u00e1ra 2026 sa na p\u00f4de MPRV SR uskuto\u010dnilo stretnutie N\u00e1rodn\u00e9ho H.. <\/p><span>10 febru\u00e1ra 2026<\/span><\/div><\/a><\/div><div class=\"card-news\"><a href=\"https:\/\/bioeast.eu\/sk\/gallery\/sk-agrokomplex\/\"><div class=\"info-box-without-img\"><h2 class=\"mt-2\">SK &#8211; Agrokomplex<\/h2><p>.. <\/p><span>13 novembra 2025<\/span><\/div><\/a><\/div><div class=\"card-news\"><a href=\"https:\/\/bioeast.eu\/sk\/sk-partneri-v-projektoch-boost4bioeast-a-cee2act-sa-stretli-na-agrokomplexe-v-diskusiio-aktivitach-narodneho-hubu-pre-biohospodartvo\/\"><div class=\"img-box\"><img loading=\"lazy\" decoding=\"async\" width=\"492\" height=\"300\" src=\"https:\/\/bioeast.eu\/wp-content\/uploads\/2025\/11\/slovak_cee2act_2-min-492x300.webp\" class=\"attachment-post-thumbnail size-post-thumbnail wp-post-image\" alt=\"\" srcset=\"https:\/\/bioeast.eu\/wp-content\/uploads\/2025\/11\/slovak_cee2act_2-min-492x300.webp 492w, https:\/\/bioeast.eu\/wp-content\/uploads\/2025\/11\/slovak_cee2act_2-min-300x183.webp 300w, https:\/\/bioeast.eu\/wp-content\/uploads\/2025\/11\/slovak_cee2act_2-min.webp 553w\" sizes=\"(max-width: 492px) 100vw, 492px\" \/><\/div><div class=\"info-box\"><h2 class=\"mt-2\">SK Partneri v projektoch BOOST4BIOEAST a CEE2ACT sa stretli na Agrokomplexe v diskusiio\u00a0aktivit\u00e1ch N\u00e1rodn\u00e9ho HUBu pre biohospod\u00e1rtvo<\/h2><p>The meeting of SK partners in BOOST4BIOEAST and CEE2ACT projects &#8211; HUB mee.. <\/p><span>8 septembra 2025<\/span><\/div><\/a><\/div><div class=\"card-news\"><a href=\"https:\/\/bioeast.eu\/sk\/uvodne-stretnutie-k-narodnemu-hubu-pre-biohospodarstvo-na-slovensku\/\"><div class=\"img-box\"><img loading=\"lazy\" decoding=\"async\" width=\"400\" height=\"300\" src=\"https:\/\/bioeast.eu\/wp-content\/uploads\/2025\/11\/IMG_20250219_103403-min-400x300.webp\" class=\"attachment-post-thumbnail size-post-thumbnail wp-post-image\" alt=\"\" srcset=\"https:\/\/bioeast.eu\/wp-content\/uploads\/2025\/11\/IMG_20250219_103403-min-400x300.webp 400w, https:\/\/bioeast.eu\/wp-content\/uploads\/2025\/11\/IMG_20250219_103403-min-300x225.webp 300w, https:\/\/bioeast.eu\/wp-content\/uploads\/2025\/11\/IMG_20250219_103403-min-1024x768.webp 1024w, https:\/\/bioeast.eu\/wp-content\/uploads\/2025\/11\/IMG_20250219_103403-min-768x576.webp 768w, https:\/\/bioeast.eu\/wp-content\/uploads\/2025\/11\/IMG_20250219_103403-min-1536x1152.webp 1536w, https:\/\/bioeast.eu\/wp-content\/uploads\/2025\/11\/IMG_20250219_103403-min-2048x1536.webp 2048w\" sizes=\"(max-width: 400px) 100vw, 400px\" \/><\/div><div class=\"info-box\"><h2 class=\"mt-2\">\u00daVODN\u00c9 STRETNUTIE K\u00a0N\u00c1RODN\u00c9MU HUBu PRE BIOHOSPOD\u00c1RSTVO NA SLOVENSKU<\/h2><p>febru\u00e1ra 2025, hybridn\u00fd form\u00e1t D\u0148a 19. febru\u00e1ra sa uskuto\u010dnilo \u00favodn\u00e9 st.. <\/p><span>28 febru\u00e1ra 2025<\/span><\/div><\/a><\/div>\n\n\n\n<\/div>\n","protected":false},"excerpt":{"rendered":"","protected":false},"author":846,"featured_media":0,"parent":0,"menu_order":0,"comment_status":"closed","ping_status":"closed","template":"","meta":{"_acf_changed":false,"inline_featured_image":false,"ub_ctt_via":"","footnotes":""},"categories":[],"tags":[],"themes":[],"acf":[],"featured_image_src":null,"_links":{"self":[{"href":"https:\/\/bioeast.eu\/sk\/wp-json\/wp\/v2\/pages\/62727"}],"collection":[{"href":"https:\/\/bioeast.eu\/sk\/wp-json\/wp\/v2\/pages"}],"about":[{"href":"https:\/\/bioeast.eu\/sk\/wp-json\/wp\/v2\/types\/page"}],"author":[{"embeddable":true,"href":"https:\/\/bioeast.eu\/sk\/wp-json\/wp\/v2\/users\/846"}],"replies":[{"embeddable":true,"href":"https:\/\/bioeast.eu\/sk\/wp-json\/wp\/v2\/comments?post=62727"}],"version-history":[{"count":2,"href":"https:\/\/bioeast.eu\/sk\/wp-json\/wp\/v2\/pages\/62727\/revisions"}],"predecessor-version":[{"id":62729,"href":"https:\/\/bioeast.eu\/sk\/wp-json\/wp\/v2\/pages\/62727\/revisions\/62729"}],"wp:attachment":[{"href":"https:\/\/bioeast.eu\/sk\/wp-json\/wp\/v2\/media?parent=62727"}],"wp:term":[{"taxonomy":"category","embeddable":true,"href":"https:\/\/bioeast.eu\/sk\/wp-json\/wp\/v2\/categories?post=62727"},{"taxonomy":"post_tag","embeddable":true,"href":"https:\/\/bioeast.eu\/sk\/wp-json\/wp\/v2\/tags?post=62727"},{"taxonomy":"themes","embeddable":true,"href":"https:\/\/bioeast.eu\/sk\/wp-json\/wp\/v2\/themes?post=62727"}],"curies":[{"name":"wp","href":"https:\/\/api.w.org\/{rel}","templated":true}]}}