{"id":2131,"date":"2020-05-26T14:05:09","date_gmt":"2020-05-26T14:05:09","guid":{"rendered":"https:\/\/bioeast.eu\/?page_id=2131"},"modified":"2021-12-10T09:07:33","modified_gmt":"2021-12-10T09:07:33","slug":"foresight-expert","status":"publish","type":"page","link":"https:\/\/bioeast.eu\/sl\/foresight-expert\/","title":{"rendered":"Foresight exercise"},"content":{"rendered":"<p>Between April 2020 and May 2021 in line with the implementation of the BIOEAST Vision 2030 and with the funding of the Horizon 2020 coordination and support action (BIOEASTsUP) a macro regional foresight exercise was conducted to support the BIOEAST Member States in developing their sustainable bioeconomies. The aim was to build upon existing foresight reports and to deliver new insights about possible pathways for the deployment of bioeconomies in the macro-region. The main objective of the foresight exercise was to identify the specific macro-regional needs, challenges and potentials, and to provide advice to policy- and decision-makers as well as to contribute to the development of the BIOEAST Strategic Research and Innovation Agenda.<\/p>\n<p>A Foresight Expert Group (FEG) of five independent experts was nominated to provide a better understanding of existing trends and to create scenarios of future bioeconomy developments. The BIOEAST Board invited the FEG to specifically focus on the following four areas:<\/p>\n<p>a) Sustainable natural resources, particularly soils and water<br \/>b) Sharing economy in the context of sustainable food system<br \/>c) Renewable carbon use and decarbonisation pathways<br \/>d) Governance in the context of circular and sustainable pathways<\/p>\n<p>The FEG worked under unprecedented circumstances, without physical meetings during the lockdowns caused by the COVID-19 pandemic. They prepared the Foresight Report in a truly participatory way by mobilizing more than 200 stakeholders in web-based national level workshops, international meetings between the FEG and BIOEAST ministries and specific experts to validate the scenarios and to define recommendations.<\/p>\n<p>BIOEAST Foresight Report: <a href=\"https:\/\/bioeast.eu\/wp-content\/uploads\/2021\/10\/BIOeast-Report-2021_FINAL_compressed-1.pdf\" target=\"_blank\" rel=\"noopener\">https:\/\/bioeast.eu\/wp-content\/uploads\/2021\/10\/BIOeast-Report-2021_FINAL_compressed-1.pdf<\/a><br \/>Foresight Conference Documents: <a href=\"https:\/\/bioeast.eu\/events\/bioeast-foresight-conference-climate-neutral-future-depends-on-sustainable-bioeconomies\/\" target=\"_blank\" rel=\"noopener\">https:\/\/bioeast.eu\/events\/bioeast-foresight-conference-climate-neutral-future-depends-on-sustainable-bioeconomies\/<\/a><\/p>\n<p>The five experts are the following:<\/p>\n\n\n<div class=\"wp-block-columns is-layout-flex wp-container-core-columns-layout-1 wp-block-columns-is-layout-flex\">\n<div class=\"wp-block-column is-layout-flow wp-block-column-is-layout-flow\" style=\"flex-basis:20%\">\n<figure class=\"wp-block-image size-large is-resized\"><img loading=\"lazy\" decoding=\"async\" src=\"https:\/\/bioeast.eu\/wp-content\/uploads\/2020\/10\/Kep1.jpg\" alt=\"\" class=\"wp-image-2899\" width=\"302\" height=\"325\" srcset=\"https:\/\/bioeast.eu\/wp-content\/uploads\/2020\/10\/Kep1.jpg 302w, https:\/\/bioeast.eu\/wp-content\/uploads\/2020\/10\/Kep1-279x300.jpg 279w, https:\/\/bioeast.eu\/wp-content\/uploads\/2020\/10\/Kep1-22x24.jpg 22w, https:\/\/bioeast.eu\/wp-content\/uploads\/2020\/10\/Kep1-33x36.jpg 33w, https:\/\/bioeast.eu\/wp-content\/uploads\/2020\/10\/Kep1-45x48.jpg 45w\" sizes=\"(max-width: 302px) 100vw, 302px\" \/><\/figure>\n<\/div>\n\n\n\n<div class=\"wp-block-column is-layout-flow wp-block-column-is-layout-flow\" style=\"flex-basis:80%\">\n<p style=\"text-align: justify;\"><strong>MSc Ladeja Godina Ko\u0161ir<\/strong>, Founder and Executive Director of <strong>Circular Change<\/strong> is an internationally renowned expert for circular economy, speaker, (co)author of several CE reports and articles, as well as the co-creator of international CE events. Ladeja was the finalist of <strong>The Circular Leadership Award 2018<\/strong> (Davos WEF), recognised as the regional &#8220;engine of circular economy transition&#8221;. She is the co-author of the first <strong>Roadmap towards the Circular Economy<\/strong> in Slovenia and creator and team leader of the annual <strong>international Circular Change Conference<\/strong>. <strong>National circular economy roadmapping process <\/strong>based on stakeholder engagement is what Ladeja is consulting on to several countries and cities \u2013 Serbia, Montenegro, Chile \u2026<\/p>\n\n\n\n<p><strong>Ladeja has several international roles:<\/strong><\/p>\n\n\n\n<ul><li>the Chair of the coordination group of the European Circular Economy Stakeholder Platform (ECESP) in Brussels,<\/li><li>visiting professor at the Doshisha University in Kyoto,<\/li><li>Co-leader of the Research Group Circular Economy Systems at the Bertalanfy Center for the Study of Systems Science (BCSSS) in Vienna.<\/li><\/ul>\n\n\n\n<p style=\"text-align: justify;\"><strong>Transdisciplinary systemic approach and holistic view<\/strong> is what Ladeja is implementing as an entrepreneur, communications professional, speaker, moderator, lecturer, mentor and passionate connector. She is empowering a <strong>new narrative and circular culture<\/strong>. She is <strong>bridging bioeconomy and the circular economy<\/strong> \u2013 one of the <strong>EU projects<\/strong> she is contributing to is <strong>Effective (Horizon 2020 &amp; BBI JU),<\/strong> a multi-company collaboration to produce more sustainable bio-based&nbsp;fibers and plastics for large consumer products by using renewable feedstocks and innovative&nbsp;technologies Ladeja is working with governments, city authorities, companies, NGO\u2019s, media, universities \u2013 <strong>empowering true collaboration to enable circular change.<\/strong><\/p>\n\n\n\n<p><strong>Websites:<\/strong><\/p>\n\n\n\n<p><a href=\"http:\/\/www.circularchange.com\/\">http:\/\/www.circularchange.com\/<\/a><\/p>\n\n\n\n<p><a href=\"https:\/\/circulareconomy.europa.eu\/platform\/\">https:\/\/circulareconomy.europa.eu\/platform\/<\/a><\/p>\n\n\n\n<p><a href=\"https:\/\/circulareconomy.europa.eu\/platform\/\">https:\/\/www.bcsss.org\/research\/fields-and-groups\/circular-economy-systems<\/a><\/p>\n\n\n\n<p><strong>Ladeja\u2019s Linkedin: <\/strong><a href=\"https:\/\/si.linkedin.com\/in\/ladeja\">https:\/\/si.linkedin.com\/in\/ladeja<\/a><\/p>\n<\/div>\n<\/div>\n\n\n\n<div class=\"wp-block-columns is-layout-flex wp-container-core-columns-layout-2 wp-block-columns-is-layout-flex\">\n<div class=\"wp-block-column is-layout-flow wp-block-column-is-layout-flow\" style=\"flex-basis:20%\">\n<figure class=\"wp-block-image size-large is-resized\"><img decoding=\"async\" src=\"https:\/\/bioeast.eu\/wp-content\/uploads\/2021\/05\/Kep2-edited-1.jpg\" alt=\"\" class=\"wp-image-3854\" width=\"296\"\/><\/figure>\n<\/div>\n\n\n\n<div class=\"wp-block-column is-layout-flow wp-block-column-is-layout-flow\" style=\"flex-basis:80%\">\n<p style=\"text-align: justify;\"><strong>J\u00f3zsef Popp <\/strong>is Professor and dean at Szent Istv\u00e1n University, Faculty of Economics and Social Sciences, Hungary. He is Professor at WSB University, D\u0105browa G\u00f3rnicza, Poland and North-West University, South Africa. He is also an active member and chairman of several academic and professional organisations. Professor J\u00f3zsef Popp obtained his PhD of economics at the Hungarian Academy of Sciences and his Dr. Sc. oec. degree at the Humbold University, Berlin, Germany. He is a corresponding member of the Hungarian Academy of Sciences. At the Hungarian Academy of Sciences, he is the chairman of the the Bolyai J\u00e1nos research scholarship Committee, the chairman of the Committee on Agricultural Economics and the vice-chairman of the Scientific Committee of Circular Economy. He also serves as a member on a number of Editorial Boards of international journals worldwide. He has participated in several international research projects and is a member of several national councils related to science and education. His research interests includes global food and energy security analysis, competitiveness of the food economy, rural development, supply chain management, renewable energy, bioeconomy and circular economy. Among the honors he has received are: Doctorem Honoris Causa Pannon University, Hungary, 2010 and \u201cHonoris Causa Professorship\u201d, Delhi School of Professional Studies and Research, 2010. Award of the Hungarian Academy of Sciences in Recognition of Research Contributions, 2011. He has a long list of publications and has advised dozens of PhD students and postdoctors holding research and teaching positions in Hungary and abroad.<\/p>\n\n\n\n<p><strong>Links to publications:<\/strong><\/p>\n\n\n\n<p><a href=\"https:\/\/scholar.google.hu\/citations?hl=hu&amp;user=eSFjizUAAAAJ\">https:\/\/scholar.google.hu\/citations?hl=hu&amp;user=eSFjizUAAAAJ<\/a><\/p>\n\n\n\n<p><a href=\"https:\/\/www.scopus.com\/authid\/detail.uri?authorId=56031677900\">https:\/\/www.scopus.com\/authid\/detail.uri?authorId=56031677900<\/a><\/p>\n\n\n\n<p><a href=\"https:\/\/sciprofiles.com\/profile\/169145\">https:\/\/sciprofiles.com\/profile\/169145<\/a><\/p>\n<\/div>\n<\/div>\n\n\n\n<div class=\"wp-block-columns is-layout-flex wp-container-core-columns-layout-3 wp-block-columns-is-layout-flex\">\n<div class=\"wp-block-column is-layout-flow wp-block-column-is-layout-flow\" style=\"flex-basis:20%\">\n<figure class=\"wp-block-image size-large is-resized\"><img loading=\"lazy\" decoding=\"async\" src=\"https:\/\/bioeast.eu\/wp-content\/uploads\/2020\/10\/Kep3.jpg\" alt=\"\" class=\"wp-image-2901\" width=\"290\" height=\"396\" srcset=\"https:\/\/bioeast.eu\/wp-content\/uploads\/2020\/10\/Kep3.jpg 290w, https:\/\/bioeast.eu\/wp-content\/uploads\/2020\/10\/Kep3-220x300.jpg 220w, https:\/\/bioeast.eu\/wp-content\/uploads\/2020\/10\/Kep3-18x24.jpg 18w, https:\/\/bioeast.eu\/wp-content\/uploads\/2020\/10\/Kep3-26x36.jpg 26w, https:\/\/bioeast.eu\/wp-content\/uploads\/2020\/10\/Kep3-35x48.jpg 35w\" sizes=\"(max-width: 290px) 100vw, 290px\" \/><\/figure>\n<\/div>\n\n\n\n<div class=\"wp-block-column is-layout-flow wp-block-column-is-layout-flow\" style=\"flex-basis:80%\">\n<p style=\"text-align: justify;\"><strong>Assoc. prof. Malgorzata Zimniewska PhD<\/strong> is Director of The Institute of Natural Fibers &amp; Medicinal Plantsin Poznan, Poland. She is a researcher with huge experience in terms of natural fibers in bioeconomy and circular economy. Background of Malgorzata is natural fibers textile engineering. Malgorzata serves as Polish representative in the Thematic Work Group: Bioenergy and New Value Added Materialsin BIOEAST. She works as Vice Chair of Quality Control in H2020 Future and Emerging Technologies for Research Executive Agency of European Commission. She is an expert of National Smart Specialization in Work Group of Circular Economy and Member of Main Council of The Research Institutes in Poland. Malgorzata served as Chair of DNFI &#8211; Discover Natural Fibers Initiatives Network, which is a platform gathering natural fibers stakeholders from the whole world. She worked as expert of Task Force on the Challenges from Competing Fibers of International Cotton Advisory Committee in USA and expert of European Technology Platform for the Future of Textiles and Clothing. Malgorzata Zimniewska has led many international, European and national research projects. She is a member of many national and international scientific committees and councils as well as a member of editorial board of several international journals. She actively takes part in strategic documents consultation for European Commission and Polish Ministry of Agriculture and Rural Development. She has authored and co-authored more than 160 articles published in research journals, conference proceedings and book chapters. She has been awarded Silver Cross of Merit by President of Poland, and many gold medals awarded by international fairs of innovation, e.g. in Brussels, Geneva, Nuremberg, Moscow, Seoul, Shanghai, Warsaw and others. ORCID profile of<\/p>\n\n\n\n<p>Malgorzata Zimniewska: https:\/\/orcid.org\/0000-0003-3917-9872<\/p>\n<\/div>\n<\/div>\n\n\n\n<div class=\"wp-block-columns is-layout-flex wp-container-core-columns-layout-4 wp-block-columns-is-layout-flex\">\n<div class=\"wp-block-column is-layout-flow wp-block-column-is-layout-flow\" style=\"flex-basis:20%\">\n<figure class=\"wp-block-image size-large is-resized\"><img decoding=\"async\" src=\"https:\/\/bioeast.eu\/wp-content\/uploads\/2021\/05\/Kep4-edited-1.jpg\" alt=\"\" class=\"wp-image-3856\" width=\"286\"\/><\/figure>\n<\/div>\n\n\n\n<div class=\"wp-block-column is-layout-flow wp-block-column-is-layout-flow\" style=\"flex-basis:80%\">\n<p style=\"text-align: justify;\"><strong>George Sakellaris<\/strong> works in the <strong>Academy of Sciences in Czech Republic<\/strong>. He also collaborates with the <strong>University of South Bohemia in its program on Bioeconomy<\/strong>. His educational background is Biology (Bachelor) and Biochemistry (Master\u2019s and PhD). He has served in the past as Research Director at the National Greek Research Foundation in Athens (1986-2012), while he has spent periods as a visiting scientist at NIZO (Netherlands) Charles University (Czech Republic) and Qatar Foundation (Qatar).&nbsp; He was appointed as an expert advisor at the European Parliament (2006-2009) and the EFSA (2003-2006). Since 2019 he is member of the board of the newly established <strong>European Platform on Bioeconomy Education<\/strong>. He contributes in the activities of the <strong>Czech Hub of Bioeconomy<\/strong> and he is a member of the <strong>\u201cBioeconomy Platform for Czech Republic\u201d<\/strong> established 2018. He is a current member in multiple international Committees, among them the International Council of Biotechnology (ICBA) \u2013 board member, the European Federation of Biotechnology (EFB), the Public Research and Regulation Initiative (PRRI), the EU-US task force on Biotechnology. Since the FP3, he has participated in more than 20 EU Research projects, either as a partner or a coordinator, while he is a regular evaluator of EC Research Proposals since 1998 to now. He is the author of more than 60 papers, and he has been an invited lecturer in more than 200 conferences worldwide.<\/p>\n<\/div>\n<\/div>\n\n\n\n<div class=\"wp-block-columns is-layout-flex wp-container-core-columns-layout-5 wp-block-columns-is-layout-flex\">\n<div class=\"wp-block-column is-layout-flow wp-block-column-is-layout-flow\" style=\"flex-basis:20%\">\n<figure class=\"wp-block-image size-large is-resized is-style-default\"><img loading=\"lazy\" decoding=\"async\" src=\"https:\/\/bioeast.eu\/wp-content\/uploads\/2020\/10\/Kep5.jpg\" alt=\"\" class=\"wp-image-2903\" width=\"285\" height=\"362\" srcset=\"https:\/\/bioeast.eu\/wp-content\/uploads\/2020\/10\/Kep5.jpg 669w, https:\/\/bioeast.eu\/wp-content\/uploads\/2020\/10\/Kep5-236x300.jpg 236w, https:\/\/bioeast.eu\/wp-content\/uploads\/2020\/10\/Kep5-19x24.jpg 19w, https:\/\/bioeast.eu\/wp-content\/uploads\/2020\/10\/Kep5-28x36.jpg 28w, https:\/\/bioeast.eu\/wp-content\/uploads\/2020\/10\/Kep5-38x48.jpg 38w\" sizes=\"(max-width: 285px) 100vw, 285px\" \/><\/figure>\n<\/div>\n\n\n\n<div class=\"wp-block-column is-layout-flow wp-block-column-is-layout-flow\" style=\"flex-basis:80%\">\n<p style=\"text-align: justify;\"><strong>Mr. Rando V\u00e4rnik<\/strong> is a <strong>Professor and a Chair Holder of Rural Economics in the Estonian University of Life Sciences<\/strong>. He is active in conducting and coordinating research on <strong>bioeconomy in Estonia<\/strong>, which makes him a <strong>valued opinion leader<\/strong> in the fields of food production economics, rural life, cooperative activities and bioeconomy. Rando V\u00e4rnik\u2019s research also includes food losses in primary production and possibilities how to reduce them.<\/p>\n\n\n\n<p style=\"text-align: justify;\">Rando V\u00e4rnik participates in several international research projects. He is currently leading several research cooperation projects with entrepreneurs and has been the programme manager of the long-term cooperation knowledge transfer programme since 2017 and the dairy performance indicators programme.<\/p>\n\n\n\n<p style=\"text-align: justify;\">In addition to that, Rando V\u00e4rnik participates in several advisory bodies in the Estonian Ministry of Rural Affairs and the Ministry of Environment. He participates in the work of several international expert panels and has organised and conducted several international conferences. Rando V\u00e4rnik actively pursues collaboration with business and policy makers.<\/p>\n\n\n\n<p style=\"text-align: justify;\">Rando V\u00e4rnik is a member of the editorial boards of several international scientific journals. He has also been the editor-in-chief and compiler of the Estonian Rural Development Report. Rando V\u00e4rnik has been a member of the steering committee and monitoring committee of the Estonian Rural Development Plan since 2007.<\/p>\n\n\n\n<p style=\"text-align: justify;\">For a comprehensive overview of my experience, please refer to the curriculum vitae from ETIS <a href=\"https:\/\/www.etis.ee\/CV\/Rando_Varnik\/est?lang=ENG&amp;tabId=CV_ENG\">https:\/\/www.etis.ee\/CV\/Rando_Varnik\/est?lang=ENG&amp;tabId=CV_ENG<\/a><\/p>\n\n\n\n<p><\/p>\n<\/div>\n<\/div>\n\n\n\n<p><\/p>\n","protected":false},"excerpt":{"rendered":"<p>Between April 2020 and May 2021 in line with the implementation of the BIOEAST Vision 2030 and with the funding of the Horizon 2020 coordination and support action (BIOEASTsUP) a macro regional foresight exercise was &hellip;<\/p>\n","protected":false},"author":1,"featured_media":0,"parent":0,"menu_order":0,"comment_status":"closed","ping_status":"closed","template":"","meta":{"_acf_changed":false,"inline_featured_image":false,"ub_ctt_via":"","footnotes":""},"categories":[],"tags":[],"themes":[],"acf":[],"featured_image_src":null,"_links":{"self":[{"href":"https:\/\/bioeast.eu\/sl\/wp-json\/wp\/v2\/pages\/2131"}],"collection":[{"href":"https:\/\/bioeast.eu\/sl\/wp-json\/wp\/v2\/pages"}],"about":[{"href":"https:\/\/bioeast.eu\/sl\/wp-json\/wp\/v2\/types\/page"}],"author":[{"embeddable":true,"href":"https:\/\/bioeast.eu\/sl\/wp-json\/wp\/v2\/users\/1"}],"replies":[{"embeddable":true,"href":"https:\/\/bioeast.eu\/sl\/wp-json\/wp\/v2\/comments?post=2131"}],"version-history":[{"count":12,"href":"https:\/\/bioeast.eu\/sl\/wp-json\/wp\/v2\/pages\/2131\/revisions"}],"predecessor-version":[{"id":4388,"href":"https:\/\/bioeast.eu\/sl\/wp-json\/wp\/v2\/pages\/2131\/revisions\/4388"}],"wp:attachment":[{"href":"https:\/\/bioeast.eu\/sl\/wp-json\/wp\/v2\/media?parent=2131"}],"wp:term":[{"taxonomy":"category","embeddable":true,"href":"https:\/\/bioeast.eu\/sl\/wp-json\/wp\/v2\/categories?post=2131"},{"taxonomy":"post_tag","embeddable":true,"href":"https:\/\/bioeast.eu\/sl\/wp-json\/wp\/v2\/tags?post=2131"},{"taxonomy":"themes","embeddable":true,"href":"https:\/\/bioeast.eu\/sl\/wp-json\/wp\/v2\/themes?post=2131"}],"curies":[{"name":"wp","href":"https:\/\/api.w.org\/{rel}","templated":true}]}}