{"id":62727,"date":"2024-06-21T12:39:40","date_gmt":"2024-06-21T12:39:40","guid":{"rendered":"https:\/\/bioeast.eu\/?page_id=62727"},"modified":"2024-06-21T12:41:27","modified_gmt":"2024-06-21T12:41:27","slug":"news-2","status":"publish","type":"page","link":"https:\/\/bioeast.eu\/sl\/news-2\/","title":{"rendered":"News"},"content":{"rendered":"\n<div class=\"list-news\">\n\n\n<div class=\"card-news\"><a href=\"https:\/\/bioeast.eu\/sl\/gallery\/sk-agrokomplex\/\"><div class=\"info-box-without-img\"><h2 class=\"mt-2\">SK &#8211; Agrokomplex<\/h2><p>.. <\/p><span>13 novembra 2025<\/span><\/div><\/a><\/div><div class=\"card-news\"><a href=\"https:\/\/bioeast.eu\/sl\/nacionalno-sticisce-za-biogospodarstvo-2024-2-srecanje\/\"><div class=\"img-box\"><img loading=\"lazy\" decoding=\"async\" width=\"450\" height=\"300\" src=\"https:\/\/bioeast.eu\/wp-content\/uploads\/2024\/10\/photo1-450x300.jpg\" class=\"attachment-post-thumbnail size-post-thumbnail wp-post-image\" alt=\"\" srcset=\"https:\/\/bioeast.eu\/wp-content\/uploads\/2024\/10\/photo1-450x300.jpg 450w, https:\/\/bioeast.eu\/wp-content\/uploads\/2024\/10\/photo1-300x200.jpg 300w, https:\/\/bioeast.eu\/wp-content\/uploads\/2024\/10\/photo1-1024x683.jpg 1024w, https:\/\/bioeast.eu\/wp-content\/uploads\/2024\/10\/photo1-768x512.jpg 768w, https:\/\/bioeast.eu\/wp-content\/uploads\/2024\/10\/photo1-391x260.jpg 391w, https:\/\/bioeast.eu\/wp-content\/uploads\/2024\/10\/photo1.jpg 1500w\" sizes=\"(max-width: 450px) 100vw, 450px\" \/><\/div><div class=\"info-box\"><h2 class=\"mt-2\">Nacionalno Sti\u010di\u0161\u010de za biogospodarstvo 2024 2. sre\u010danje<\/h2><p>26 septembra 2024 je Slovensko vozli\u0161\u010de za biogospodarstvo gostilo drugega v n.. <\/p><span>18 oktobra 2024<\/span><\/div><\/a><\/div><div class=\"card-news\"><a href=\"https:\/\/bioeast.eu\/sl\/nacionalno-sticisce-za-biogospodarstvo-2024-1-srecanje\/\"><div class=\"img-box\"><img loading=\"lazy\" decoding=\"async\" width=\"451\" height=\"300\" src=\"https:\/\/bioeast.eu\/wp-content\/uploads\/2024\/09\/Immagine1-451x300.png\" class=\"attachment-post-thumbnail size-post-thumbnail wp-post-image\" alt=\"\" srcset=\"https:\/\/bioeast.eu\/wp-content\/uploads\/2024\/09\/Immagine1-451x300.png 451w, https:\/\/bioeast.eu\/wp-content\/uploads\/2024\/09\/Immagine1-300x200.png 300w, https:\/\/bioeast.eu\/wp-content\/uploads\/2024\/09\/Immagine1-391x260.png 391w, https:\/\/bioeast.eu\/wp-content\/uploads\/2024\/09\/Immagine1.png 627w\" sizes=\"(max-width: 451px) 100vw, 451px\" \/><\/div><div class=\"info-box\"><h2 class=\"mt-2\">Nacionalno sti\u010di\u0161\u010de za biogospodarstvo 2024 1. sre\u010danje<\/h2><p>V ponedeljek, 3. junija 2024, je v Centru za poslovno usposabljanje (CPU) poteka.. <\/p><span>3 septembra 2024<\/span><\/div><\/a><\/div>\n\n\n\n<\/div>\n","protected":false},"excerpt":{"rendered":"","protected":false},"author":846,"featured_media":0,"parent":0,"menu_order":0,"comment_status":"closed","ping_status":"closed","template":"","meta":{"_acf_changed":false,"inline_featured_image":false,"ub_ctt_via":"","footnotes":""},"categories":[],"tags":[],"themes":[],"acf":[],"featured_image_src":null,"_links":{"self":[{"href":"https:\/\/bioeast.eu\/sl\/wp-json\/wp\/v2\/pages\/62727"}],"collection":[{"href":"https:\/\/bioeast.eu\/sl\/wp-json\/wp\/v2\/pages"}],"about":[{"href":"https:\/\/bioeast.eu\/sl\/wp-json\/wp\/v2\/types\/page"}],"author":[{"embeddable":true,"href":"https:\/\/bioeast.eu\/sl\/wp-json\/wp\/v2\/users\/846"}],"replies":[{"embeddable":true,"href":"https:\/\/bioeast.eu\/sl\/wp-json\/wp\/v2\/comments?post=62727"}],"version-history":[{"count":2,"href":"https:\/\/bioeast.eu\/sl\/wp-json\/wp\/v2\/pages\/62727\/revisions"}],"predecessor-version":[{"id":62729,"href":"https:\/\/bioeast.eu\/sl\/wp-json\/wp\/v2\/pages\/62727\/revisions\/62729"}],"wp:attachment":[{"href":"https:\/\/bioeast.eu\/sl\/wp-json\/wp\/v2\/media?parent=62727"}],"wp:term":[{"taxonomy":"category","embeddable":true,"href":"https:\/\/bioeast.eu\/sl\/wp-json\/wp\/v2\/categories?post=62727"},{"taxonomy":"post_tag","embeddable":true,"href":"https:\/\/bioeast.eu\/sl\/wp-json\/wp\/v2\/tags?post=62727"},{"taxonomy":"themes","embeddable":true,"href":"https:\/\/bioeast.eu\/sl\/wp-json\/wp\/v2\/themes?post=62727"}],"curies":[{"name":"wp","href":"https:\/\/api.w.org\/{rel}","templated":true}]}}